{"id":1659,"date":"2020-11-10T14:26:04","date_gmt":"2020-11-10T14:26:04","guid":{"rendered":"https:\/\/www.cantinettaantinori-vienna.at\/?page_id=1659"},"modified":"2022-11-25T08:55:51","modified_gmt":"2022-11-25T08:55:51","slug":"antinori-wines","status":"publish","type":"page","link":"https:\/\/www.cantinetta-antinori.at\/en\/familie-antinori\/antinori-weine\/","title":{"rendered":"Antinori Wines"},"content":{"rendered":"<div data-elementor-type=\"wp-page\" data-elementor-id=\"1659\" class=\"elementor elementor-1659\" data-elementor-post-type=\"page\">\n\t\t\t\t\t\t<section class=\"elementor-section elementor-top-section elementor-element elementor-element-aae3053 elementor-section-height-min-height elementor-section-boxed elementor-section-height-default elementor-section-items-middle\" data-id=\"aae3053\" data-element_type=\"section\" data-e-type=\"section\" data-settings=\"{&quot;background_background&quot;:&quot;classic&quot;}\">\n\t\t\t\t\t\t<div class=\"elementor-container elementor-column-gap-default\">\n\t\t\t\t\t<div class=\"elementor-column elementor-col-100 elementor-top-column elementor-element elementor-element-7c0f23d\" data-id=\"7c0f23d\" data-element_type=\"column\" data-e-type=\"column\">\n\t\t\t<div class=\"elementor-widget-wrap elementor-element-populated\">\n\t\t\t\t\t\t<div class=\"elementor-element elementor-element-5dec251 elementor-widget elementor-widget-heading\" data-id=\"5dec251\" data-element_type=\"widget\" data-e-type=\"widget\" data-widget_type=\"heading.default\">\n\t\t\t\t<div class=\"elementor-widget-container\">\n\t\t\t\t\t<h1 class=\"elementor-heading-title elementor-size-default\">Antinori Wines<\/h1>\t\t\t\t<\/div>\n\t\t\t\t<\/div>\n\t\t\t\t\t<\/div>\n\t\t<\/div>\n\t\t\t\t\t<\/div>\n\t\t<\/section>\n\t\t\t\t<section class=\"elementor-section elementor-top-section elementor-element elementor-element-1f12d69 elementor-section-content-middle elementor-section-stretched elementor-section-boxed elementor-section-height-default elementor-section-height-default\" data-id=\"1f12d69\" data-element_type=\"section\" data-e-type=\"section\" data-settings=\"{&quot;stretch_section&quot;:&quot;section-stretched&quot;}\">\n\t\t\t\t\t\t<div class=\"elementor-container elementor-column-gap-default\">\n\t\t\t\t\t<div class=\"elementor-column elementor-col-50 elementor-top-column elementor-element elementor-element-33d016f\" data-id=\"33d016f\" data-element_type=\"column\" data-e-type=\"column\">\n\t\t\t<div class=\"elementor-widget-wrap elementor-element-populated\">\n\t\t\t\t\t\t<div class=\"elementor-element elementor-element-cb21ba3 elementor-widget elementor-widget-heading\" data-id=\"cb21ba3\" data-element_type=\"widget\" data-e-type=\"widget\" data-widget_type=\"heading.default\">\n\t\t\t\t<div class=\"elementor-widget-container\">\n\t\t\t\t\t<h2 class=\"elementor-heading-title elementor-size-default\">Wine enjoyment with a tradition rich in innovation <\/h2>\t\t\t\t<\/div>\n\t\t\t\t<\/div>\n\t\t\t\t<div class=\"elementor-element elementor-element-1bfc2c0 elementor-widget elementor-widget-text-editor\" data-id=\"1bfc2c0\" data-element_type=\"widget\" data-e-type=\"widget\" data-widget_type=\"text-editor.default\">\n\t\t\t\t<div class=\"elementor-widget-container\">\n\t\t\t\t\t\t\t\t\t<p class=\"p1 translation-block\">The soil in which a vine takes root is essential for the quality of a wine. The grape variety gives a direction, but it is the ground on which the vine stands that really shapes its character. This is also the case with the wines of the Antinori family. The noble drops are rooted in the rich history of winegrowing and wine trading of the Florentine dynasty, which spans more than 600 years. Just as the sediments of a soil ultimately define the individual grape in its uniqueness, so too does the tradition of the Antinori family. The centuries-old knowledge of viticulture and the grape varieties selected over generations, together with the will to innovate, make Antinori wines what they are: Essences of Italy.<\/p>\t\t\t\t\t\t\t\t<\/div>\n\t\t\t\t<\/div>\n\t\t\t\t\t<\/div>\n\t\t<\/div>\n\t\t\t\t<div class=\"elementor-column elementor-col-50 elementor-top-column elementor-element elementor-element-3d282f5\" data-id=\"3d282f5\" data-element_type=\"column\" data-e-type=\"column\">\n\t\t\t<div class=\"elementor-widget-wrap elementor-element-populated\">\n\t\t\t\t\t\t<div class=\"elementor-element elementor-element-5d70345 elementor-arrows-position-outside elementor-widget elementor-widget-image-carousel\" data-id=\"5d70345\" data-element_type=\"widget\" data-e-type=\"widget\" data-settings=\"{&quot;slides_to_show&quot;:&quot;1&quot;,&quot;navigation&quot;:&quot;arrows&quot;,&quot;slides_to_show_tablet&quot;:&quot;1&quot;,&quot;autoplay&quot;:&quot;yes&quot;,&quot;pause_on_hover&quot;:&quot;yes&quot;,&quot;pause_on_interaction&quot;:&quot;yes&quot;,&quot;autoplay_speed&quot;:5000,&quot;infinite&quot;:&quot;yes&quot;,&quot;effect&quot;:&quot;slide&quot;,&quot;speed&quot;:500}\" data-widget_type=\"image-carousel.default\">\n\t\t\t\t<div class=\"elementor-widget-container\">\n\t\t\t\t\t\t\t<div class=\"elementor-image-carousel-wrapper swiper\" role=\"region\" aria-roledescription=\"carousel\" aria-label=\"Image Carousel\" dir=\"ltr\">\n\t\t\t<div class=\"elementor-image-carousel swiper-wrapper swiper-image-stretch\" aria-live=\"off\">\n\t\t\t\t\t\t\t\t<div class=\"swiper-slide\" role=\"group\" aria-roledescription=\"slide\" aria-label=\"1 of 1\"><a data-elementor-open-lightbox=\"yes\" data-elementor-lightbox-slideshow=\"5d70345\" data-elementor-lightbox-title=\"CA_Weingueter\" data-elementor-lightbox-description=\"antinori weine\" data-e-action-hash=\"#elementor-action%3Aaction%3Dlightbox%26settings%3DeyJpZCI6MjUzLCJ1cmwiOiJodHRwczpcL1wvd3d3LmNhbnRpbmV0dGEtYW50aW5vcmkuYXRcL3dwLWNvbnRlbnRcL3VwbG9hZHNcLzIwMTNcLzA2XC9DQV9XZWluZ3VldGVyLmpwZyIsInNsaWRlc2hvdyI6IjVkNzAzNDUifQ%3D%3D\" href=\"https:\/\/www.cantinetta-antinori.at\/wp-content\/uploads\/2013\/06\/CA_Weingueter.jpg\"><figure class=\"swiper-slide-inner\"><img decoding=\"async\" class=\"swiper-slide-image\" src=\"https:\/\/www.cantinetta-antinori.at\/wp-content\/uploads\/2013\/06\/CA_Weingueter-1024x682.jpg\" alt=\"antinori wines\" \/><\/figure><\/a><\/div>\t\t\t<\/div>\n\t\t\t\t\t<\/div>\n\t\t\t\t\t\t<\/div>\n\t\t\t\t<\/div>\n\t\t\t\t<div class=\"elementor-element elementor-element-15cbe4e elementor-absolute elementor-hidden-phone elementor-widget__width-initial elementor-invisible elementor-widget elementor-widget-spacer\" data-id=\"15cbe4e\" data-element_type=\"widget\" data-e-type=\"widget\" data-settings=\"{&quot;_animation&quot;:&quot;fadeInRight&quot;,&quot;_position&quot;:&quot;absolute&quot;}\" data-widget_type=\"spacer.default\">\n\t\t\t\t<div class=\"elementor-widget-container\">\n\t\t\t\t\t\t\t<div class=\"elementor-spacer\">\n\t\t\t<div class=\"elementor-spacer-inner\"><\/div>\n\t\t<\/div>\n\t\t\t\t\t\t<\/div>\n\t\t\t\t<\/div>\n\t\t\t\t\t<\/div>\n\t\t<\/div>\n\t\t\t\t\t<\/div>\n\t\t<\/section>\n\t\t\t\t<section class=\"elementor-section elementor-top-section elementor-element elementor-element-37b0d27 elementor-section-full_width elementor-section-height-default elementor-section-height-default\" data-id=\"37b0d27\" data-element_type=\"section\" data-e-type=\"section\">\n\t\t\t\t\t\t<div class=\"elementor-container elementor-column-gap-default\">\n\t\t\t\t\t<div class=\"elementor-column elementor-col-50 elementor-top-column elementor-element elementor-element-ee45e15\" data-id=\"ee45e15\" data-element_type=\"column\" data-e-type=\"column\" data-settings=\"{&quot;background_background&quot;:&quot;classic&quot;}\">\n\t\t\t<div class=\"elementor-widget-wrap elementor-element-populated\">\n\t\t\t\t\t\t<div class=\"elementor-element elementor-element-1bae76e elementor-widget elementor-widget-heading\" data-id=\"1bae76e\" data-element_type=\"widget\" data-e-type=\"widget\" data-widget_type=\"heading.default\">\n\t\t\t\t<div class=\"elementor-widget-container\">\n\t\t\t\t\t<h2 class=\"elementor-heading-title elementor-size-default\">Antinori wines <br>the taste of Italy's regions<\/h2>\t\t\t\t<\/div>\n\t\t\t\t<\/div>\n\t\t\t\t<div class=\"elementor-element elementor-element-8c98d53 elementor-widget elementor-widget-text-editor\" data-id=\"8c98d53\" data-element_type=\"widget\" data-e-type=\"widget\" data-widget_type=\"text-editor.default\">\n\t\t\t\t<div class=\"elementor-widget-container\">\n\t\t\t\t\t\t\t\t\t<p class=\"p1\">Much like our dishes at the Cantinetta Antinori, the Antinori wines themselves tell a story about Italy's regions through their carefully selected compositions. They echo the traditions as well as the innovations of each of the regions from which they originate.<\/p>\t\t\t\t\t\t\t\t<\/div>\n\t\t\t\t<\/div>\n\t\t\t\t\t<\/div>\n\t\t<\/div>\n\t\t\t\t<div class=\"elementor-column elementor-col-50 elementor-top-column elementor-element elementor-element-267ccca\" data-id=\"267ccca\" data-element_type=\"column\" data-e-type=\"column\">\n\t\t\t<div class=\"elementor-widget-wrap\">\n\t\t\t\t\t\t\t<\/div>\n\t\t<\/div>\n\t\t\t\t\t<\/div>\n\t\t<\/section>\n\t\t\t\t<section class=\"elementor-section elementor-top-section elementor-element elementor-element-21fbd5e elementor-section-boxed elementor-section-height-default elementor-section-height-default\" data-id=\"21fbd5e\" data-element_type=\"section\" data-e-type=\"section\">\n\t\t\t\t\t\t<div class=\"elementor-container elementor-column-gap-default\">\n\t\t\t\t\t<div class=\"elementor-column elementor-col-33 elementor-top-column elementor-element elementor-element-2d3bb88\" data-id=\"2d3bb88\" data-element_type=\"column\" data-e-type=\"column\">\n\t\t\t<div class=\"elementor-widget-wrap elementor-element-populated\">\n\t\t\t\t\t\t<div class=\"elementor-element elementor-element-6702b2a elementor-widget elementor-widget-image\" data-id=\"6702b2a\" data-element_type=\"widget\" data-e-type=\"widget\" data-widget_type=\"image.default\">\n\t\t\t\t<div class=\"elementor-widget-container\">\n\t\t\t\t\t\t\t\t\t\t\t\t\t\t\t\t<a href=\"https:\/\/www.cantinettaantinori-vienna.at\/cantinetta-antinori\/antinori-weine\/antinori-weinguter-lombardei\/\">\n\t\t\t\t\t\t\t<img fetchpriority=\"high\" decoding=\"async\" width=\"359\" height=\"240\" src=\"https:\/\/www.cantinetta-antinori.at\/wp-content\/uploads\/2020\/11\/Lombardei-1.png\" class=\"attachment-large size-large wp-image-1692\" alt=\"antinori wines lombardy\" srcset=\"https:\/\/www.cantinetta-antinori.at\/wp-content\/uploads\/2020\/11\/Lombardei-1.png 359w, https:\/\/www.cantinetta-antinori.at\/wp-content\/uploads\/2020\/11\/Lombardei-1-300x201.png 300w\" sizes=\"(max-width: 359px) 100vw, 359px\" \/>\t\t\t\t\t\t\t\t<\/a>\n\t\t\t\t\t\t\t\t\t\t\t\t\t\t\t<\/div>\n\t\t\t\t<\/div>\n\t\t\t\t<div class=\"elementor-element elementor-element-f98e076 elementor-align-center elementor-widget elementor-widget-button\" data-id=\"f98e076\" data-element_type=\"widget\" data-e-type=\"widget\" data-widget_type=\"button.default\">\n\t\t\t\t<div class=\"elementor-widget-container\">\n\t\t\t\t\t\t\t\t\t<div class=\"elementor-button-wrapper\">\n\t\t\t\t\t<a class=\"elementor-button elementor-button-link elementor-size-sm\" href=\"https:\/\/www.cantinetta-antinori.at\/en\/antinori-family\/antinori-wines\/antinori-winery-lombardy\/\">\n\t\t\t\t\t\t<span class=\"elementor-button-content-wrapper\">\n\t\t\t\t\t\t\t\t\t<span class=\"elementor-button-text\">Lombardy <\/span>\n\t\t\t\t\t<\/span>\n\t\t\t\t\t<\/a>\n\t\t\t\t<\/div>\n\t\t\t\t\t\t\t\t<\/div>\n\t\t\t\t<\/div>\n\t\t\t\t<div class=\"elementor-element elementor-element-efc3f42 elementor-widget elementor-widget-image\" data-id=\"efc3f42\" data-element_type=\"widget\" data-e-type=\"widget\" data-widget_type=\"image.default\">\n\t\t\t\t<div class=\"elementor-widget-container\">\n\t\t\t\t\t\t\t\t\t\t\t\t\t\t\t\t<a href=\"https:\/\/www.cantinettaantinori-vienna.at\/cantinetta-antinori\/antinori-weine\/umbrien\/\">\n\t\t\t\t\t\t\t<img decoding=\"async\" width=\"361\" height=\"241\" src=\"https:\/\/www.cantinetta-antinori.at\/wp-content\/uploads\/2020\/11\/Lombardei.png\" class=\"attachment-large size-large wp-image-1689\" alt=\"antinori wines lomardei\" srcset=\"https:\/\/www.cantinetta-antinori.at\/wp-content\/uploads\/2020\/11\/Lombardei.png 361w, https:\/\/www.cantinetta-antinori.at\/wp-content\/uploads\/2020\/11\/Lombardei-300x200.png 300w\" sizes=\"(max-width: 361px) 100vw, 361px\" \/>\t\t\t\t\t\t\t\t<\/a>\n\t\t\t\t\t\t\t\t\t\t\t\t\t\t\t<\/div>\n\t\t\t\t<\/div>\n\t\t\t\t<div class=\"elementor-element elementor-element-c04d1a5 elementor-align-center elementor-widget elementor-widget-button\" data-id=\"c04d1a5\" data-element_type=\"widget\" data-e-type=\"widget\" data-widget_type=\"button.default\">\n\t\t\t\t<div class=\"elementor-widget-container\">\n\t\t\t\t\t\t\t\t\t<div class=\"elementor-button-wrapper\">\n\t\t\t\t\t<a class=\"elementor-button elementor-button-link elementor-size-sm\" href=\"https:\/\/www.cantinetta-antinori.at\/en\/antinori-family\/antinori-wines\/umbria\/\">\n\t\t\t\t\t\t<span class=\"elementor-button-content-wrapper\">\n\t\t\t\t\t\t\t\t\t<span class=\"elementor-button-text\">Umbria <\/span>\n\t\t\t\t\t<\/span>\n\t\t\t\t\t<\/a>\n\t\t\t\t<\/div>\n\t\t\t\t\t\t\t\t<\/div>\n\t\t\t\t<\/div>\n\t\t\t\t<div class=\"elementor-element elementor-element-65398e0 elementor-widget elementor-widget-image\" data-id=\"65398e0\" data-element_type=\"widget\" data-e-type=\"widget\" data-widget_type=\"image.default\">\n\t\t\t\t<div class=\"elementor-widget-container\">\n\t\t\t\t\t\t\t\t\t\t\t\t\t\t\t\t<a href=\"https:\/\/www.cantinettaantinori-vienna.at\/cantinetta-antinori\/antinori-weine\/antinori-weinguter-apulien\/\">\n\t\t\t\t\t\t\t<img decoding=\"async\" width=\"363\" height=\"242\" src=\"https:\/\/www.cantinetta-antinori.at\/wp-content\/uploads\/2020\/11\/Apulien.png\" class=\"attachment-full size-full wp-image-1709\" alt=\"antinori wines apulia\" srcset=\"https:\/\/www.cantinetta-antinori.at\/wp-content\/uploads\/2020\/11\/Apulien.png 363w, https:\/\/www.cantinetta-antinori.at\/wp-content\/uploads\/2020\/11\/Apulien-300x200.png 300w\" sizes=\"(max-width: 363px) 100vw, 363px\" \/>\t\t\t\t\t\t\t\t<\/a>\n\t\t\t\t\t\t\t\t\t\t\t\t\t\t\t<\/div>\n\t\t\t\t<\/div>\n\t\t\t\t<div class=\"elementor-element elementor-element-1e3bd8b elementor-align-center elementor-widget elementor-widget-button\" data-id=\"1e3bd8b\" data-element_type=\"widget\" data-e-type=\"widget\" data-widget_type=\"button.default\">\n\t\t\t\t<div class=\"elementor-widget-container\">\n\t\t\t\t\t\t\t\t\t<div class=\"elementor-button-wrapper\">\n\t\t\t\t\t<a class=\"elementor-button elementor-button-link elementor-size-sm\" href=\"https:\/\/www.cantinetta-antinori.at\/en\/antinori-family\/antinori-wines\/antinori-winery-apulia\/\">\n\t\t\t\t\t\t<span class=\"elementor-button-content-wrapper\">\n\t\t\t\t\t\t\t\t\t<span class=\"elementor-button-text\">Apulia <\/span>\n\t\t\t\t\t<\/span>\n\t\t\t\t\t<\/a>\n\t\t\t\t<\/div>\n\t\t\t\t\t\t\t\t<\/div>\n\t\t\t\t<\/div>\n\t\t\t\t\t<\/div>\n\t\t<\/div>\n\t\t\t\t<div class=\"elementor-column elementor-col-33 elementor-top-column elementor-element elementor-element-ed90c49\" data-id=\"ed90c49\" data-element_type=\"column\" data-e-type=\"column\">\n\t\t\t<div class=\"elementor-widget-wrap elementor-element-populated\">\n\t\t\t\t\t\t<div class=\"elementor-element elementor-element-d19efce elementor-widget elementor-widget-image\" data-id=\"d19efce\" data-element_type=\"widget\" data-e-type=\"widget\" data-widget_type=\"image.default\">\n\t\t\t\t<div class=\"elementor-widget-container\">\n\t\t\t\t\t\t\t\t\t\t\t\t\t\t\t\t<a href=\"https:\/\/www.cantinettaantinori-vienna.at\/cantinetta-antinori\/antinori-weine\/antinori-weinguter-piemont\/\">\n\t\t\t\t\t\t\t<img loading=\"lazy\" decoding=\"async\" width=\"355\" height=\"241\" src=\"https:\/\/www.cantinetta-antinori.at\/wp-content\/uploads\/2020\/11\/piemont.png\" class=\"attachment-full size-full wp-image-1691\" alt=\"antinori wines piedmont\" srcset=\"https:\/\/www.cantinetta-antinori.at\/wp-content\/uploads\/2020\/11\/piemont.png 355w, https:\/\/www.cantinetta-antinori.at\/wp-content\/uploads\/2020\/11\/piemont-300x204.png 300w\" sizes=\"(max-width: 355px) 100vw, 355px\" \/>\t\t\t\t\t\t\t\t<\/a>\n\t\t\t\t\t\t\t\t\t\t\t\t\t\t\t<\/div>\n\t\t\t\t<\/div>\n\t\t\t\t<div class=\"elementor-element elementor-element-e8bf394 elementor-align-center elementor-widget elementor-widget-button\" data-id=\"e8bf394\" data-element_type=\"widget\" data-e-type=\"widget\" data-widget_type=\"button.default\">\n\t\t\t\t<div class=\"elementor-widget-container\">\n\t\t\t\t\t\t\t\t\t<div class=\"elementor-button-wrapper\">\n\t\t\t\t\t<a class=\"elementor-button elementor-button-link elementor-size-sm\" href=\"https:\/\/www.cantinetta-antinori.at\/en\/antinori-family\/antinori-wines\/antinori-winery-piedmont\/\">\n\t\t\t\t\t\t<span class=\"elementor-button-content-wrapper\">\n\t\t\t\t\t\t\t\t\t<span class=\"elementor-button-text\">Piedmont<\/span>\n\t\t\t\t\t<\/span>\n\t\t\t\t\t<\/a>\n\t\t\t\t<\/div>\n\t\t\t\t\t\t\t\t<\/div>\n\t\t\t\t<\/div>\n\t\t\t\t<div class=\"elementor-element elementor-element-dc3bb54 elementor-widget elementor-widget-image\" data-id=\"dc3bb54\" data-element_type=\"widget\" data-e-type=\"widget\" data-widget_type=\"image.default\">\n\t\t\t\t<div class=\"elementor-widget-container\">\n\t\t\t\t\t\t\t\t\t\t\t\t\t\t\t\t<a href=\"https:\/\/www.cantinettaantinori-vienna.at\/cantinetta-antinori\/antinori-weine\/antinori-weinguter-toskana\/\">\n\t\t\t\t\t\t\t<img loading=\"lazy\" decoding=\"async\" width=\"360\" height=\"240\" src=\"https:\/\/www.cantinetta-antinori.at\/wp-content\/uploads\/2020\/11\/toskana_02.png\" class=\"attachment-full size-full wp-image-1687\" alt=\"antinori wines tuscany\" srcset=\"https:\/\/www.cantinetta-antinori.at\/wp-content\/uploads\/2020\/11\/toskana_02.png 360w, https:\/\/www.cantinetta-antinori.at\/wp-content\/uploads\/2020\/11\/toskana_02-300x200.png 300w\" sizes=\"(max-width: 360px) 100vw, 360px\" \/>\t\t\t\t\t\t\t\t<\/a>\n\t\t\t\t\t\t\t\t\t\t\t\t\t\t\t<\/div>\n\t\t\t\t<\/div>\n\t\t\t\t<div class=\"elementor-element elementor-element-1edfb95 elementor-align-center elementor-widget elementor-widget-button\" data-id=\"1edfb95\" data-element_type=\"widget\" data-e-type=\"widget\" data-widget_type=\"button.default\">\n\t\t\t\t<div class=\"elementor-widget-container\">\n\t\t\t\t\t\t\t\t\t<div class=\"elementor-button-wrapper\">\n\t\t\t\t\t<a class=\"elementor-button elementor-button-link elementor-size-sm\" href=\"https:\/\/www.cantinetta-antinori.at\/en\/antinori-family\/antinori-wines\/antinori-winery-tuscany\/\">\n\t\t\t\t\t\t<span class=\"elementor-button-content-wrapper\">\n\t\t\t\t\t\t\t\t\t<span class=\"elementor-button-text\">TUSCANY<\/span>\n\t\t\t\t\t<\/span>\n\t\t\t\t\t<\/a>\n\t\t\t\t<\/div>\n\t\t\t\t\t\t\t\t<\/div>\n\t\t\t\t<\/div>\n\t\t\t\t<div class=\"elementor-element elementor-element-2553071 elementor-widget elementor-widget-image\" data-id=\"2553071\" data-element_type=\"widget\" data-e-type=\"widget\" data-widget_type=\"image.default\">\n\t\t\t\t<div class=\"elementor-widget-container\">\n\t\t\t\t\t\t\t\t\t\t\t\t\t\t\t\t<a href=\"https:\/\/www.cantinetta-antinori.at\/en\/cantinetta-antinori\/antinori-wines\/jermann-friuli\/\">\n\t\t\t\t\t\t\t<img decoding=\"async\" src=\"https:\/\/www.cantinetta-antinori.at\/wp-content\/uploads\/elementor\/thumbs\/friaul-wein-pg6wd1o15qr7sydquh523g7o4w1t511vjmsfr67y6o.jpg\" title=\"friaul wine\" alt=\"antinori wines friuli\" loading=\"lazy\" \/>\t\t\t\t\t\t\t\t<\/a>\n\t\t\t\t\t\t\t\t\t\t\t\t\t\t\t<\/div>\n\t\t\t\t<\/div>\n\t\t\t\t<div class=\"elementor-element elementor-element-7dfd682 elementor-align-center elementor-widget elementor-widget-button\" data-id=\"7dfd682\" data-element_type=\"widget\" data-e-type=\"widget\" data-widget_type=\"button.default\">\n\t\t\t\t<div class=\"elementor-widget-container\">\n\t\t\t\t\t\t\t\t\t<div class=\"elementor-button-wrapper\">\n\t\t\t\t\t<a class=\"elementor-button elementor-button-link elementor-size-sm\" href=\"https:\/\/www.cantinetta-antinori.at\/en\/antinori-family\/antinori-wines\/jermann-friuli\/\">\n\t\t\t\t\t\t<span class=\"elementor-button-content-wrapper\">\n\t\t\t\t\t\t\t\t\t<span class=\"elementor-button-text\">Friuli<\/span>\n\t\t\t\t\t<\/span>\n\t\t\t\t\t<\/a>\n\t\t\t\t<\/div>\n\t\t\t\t\t\t\t\t<\/div>\n\t\t\t\t<\/div>\n\t\t\t\t\t<\/div>\n\t\t<\/div>\n\t\t\t\t<div class=\"elementor-column elementor-col-33 elementor-top-column elementor-element elementor-element-80741ca elementor-hidden-phone\" data-id=\"80741ca\" data-element_type=\"column\" data-e-type=\"column\">\n\t\t\t<div class=\"elementor-widget-wrap elementor-element-populated\">\n\t\t\t\t\t\t<div class=\"elementor-element elementor-element-1e8be13 elementor-widget elementor-widget-shortcode\" data-id=\"1e8be13\" data-element_type=\"widget\" data-e-type=\"widget\" data-widget_type=\"shortcode.default\">\n\t\t\t\t<div class=\"elementor-widget-container\">\n\t\t\t\t\t\t\t<div class=\"elementor-shortcode\"><div class=\"map_wrapper\" id=\"map_wrapper_2652\">\n<div class=\"map_box\" style=\"max-width:2200px\">\n<div class=\"map_aspect_ratio\" style=\"padding-top:100%\" data-padding-top=\"100%\" data-padding-top-mobile=\"\">\n<div class=\"map_container\">\n<div class=\"map_render map_loading\" id=\"map_2652\"><\/div>\n<\/div>\n<\/div>\n<\/div>\n<\/div><\/div>\n\t\t\t\t\t\t<\/div>\n\t\t\t\t<\/div>\n\t\t\t\t\t<\/div>\n\t\t<\/div>\n\t\t\t\t\t<\/div>\n\t\t<\/section>\n\t\t\t\t<\/div>","protected":false},"excerpt":{"rendered":"<p>Antinori Weine Weingenuss mit traditionsreicher Innovationskraft Der Boden, in den ein Weinstock seine Wurzeln schl\u00e4gt, ist essenziell f\u00fcr die Qualit\u00e4t eines Weines. Die Rebsorte gibt eine Richtung vor, doch der Grund, auf dem der Rebstock steht, pr\u00e4gt erst wirklich den Charakter.\u00a0So verh\u00e4lt es sich auch mit den Weinen der Familie Antinori. Die edlen Tropfen wurzeln [&hellip;]<\/p>\n","protected":false},"author":1,"featured_media":0,"parent":1547,"menu_order":20,"comment_status":"closed","ping_status":"closed","template":"elementor_header_footer","meta":{"footnotes":""},"class_list":["post-1659","page","type-page","status-publish","hentry"],"_links":{"self":[{"href":"https:\/\/www.cantinetta-antinori.at\/en\/wp-json\/wp\/v2\/pages\/1659","targetHints":{"allow":["GET"]}}],"collection":[{"href":"https:\/\/www.cantinetta-antinori.at\/en\/wp-json\/wp\/v2\/pages"}],"about":[{"href":"https:\/\/www.cantinetta-antinori.at\/en\/wp-json\/wp\/v2\/types\/page"}],"author":[{"embeddable":true,"href":"https:\/\/www.cantinetta-antinori.at\/en\/wp-json\/wp\/v2\/users\/1"}],"replies":[{"embeddable":true,"href":"https:\/\/www.cantinetta-antinori.at\/en\/wp-json\/wp\/v2\/comments?post=1659"}],"version-history":[{"count":216,"href":"https:\/\/www.cantinetta-antinori.at\/en\/wp-json\/wp\/v2\/pages\/1659\/revisions"}],"predecessor-version":[{"id":11767,"href":"https:\/\/www.cantinetta-antinori.at\/en\/wp-json\/wp\/v2\/pages\/1659\/revisions\/11767"}],"up":[{"embeddable":true,"href":"https:\/\/www.cantinetta-antinori.at\/en\/wp-json\/wp\/v2\/pages\/1547"}],"wp:attachment":[{"href":"https:\/\/www.cantinetta-antinori.at\/en\/wp-json\/wp\/v2\/media?parent=1659"}],"curies":[{"name":"wp","href":"https:\/\/api.w.org\/{rel}","templated":true}]}}