{"id":1759,"date":"2020-11-11T11:32:50","date_gmt":"2020-11-11T11:32:50","guid":{"rendered":"https:\/\/www.cantinettaantinori-vienna.at\/?page_id=1759"},"modified":"2022-11-25T08:54:39","modified_gmt":"2022-11-25T08:54:39","slug":"antinori-winery-apulia","status":"publish","type":"page","link":"https:\/\/www.cantinetta-antinori.at\/en\/familie-antinori\/antinori-weine\/antinori-weinguter-apulien\/","title":{"rendered":"Antinori Vineyards Puglia"},"content":{"rendered":"<div data-elementor-type=\"wp-page\" data-elementor-id=\"1759\" class=\"elementor elementor-1759\" data-elementor-post-type=\"page\">\n\t\t\t\t\t\t<section class=\"elementor-section elementor-top-section elementor-element elementor-element-04d951c elementor-section-height-min-height elementor-section-boxed elementor-section-height-default elementor-section-items-middle\" data-id=\"04d951c\" data-element_type=\"section\" data-e-type=\"section\" data-settings=\"{&quot;background_background&quot;:&quot;classic&quot;}\">\n\t\t\t\t\t\t<div class=\"elementor-container elementor-column-gap-default\">\n\t\t\t\t\t<div class=\"elementor-column elementor-col-100 elementor-top-column elementor-element elementor-element-aeccfc9\" data-id=\"aeccfc9\" data-element_type=\"column\" data-e-type=\"column\">\n\t\t\t<div class=\"elementor-widget-wrap elementor-element-populated\">\n\t\t\t\t\t\t<div class=\"elementor-element elementor-element-3a54c12 elementor-widget elementor-widget-heading\" data-id=\"3a54c12\" data-element_type=\"widget\" data-e-type=\"widget\" data-widget_type=\"heading.default\">\n\t\t\t\t<div class=\"elementor-widget-container\">\n\t\t\t\t\t<h1 class=\"elementor-heading-title elementor-size-default\">ANTINORI WINERIES APULIA<\/h1>\t\t\t\t<\/div>\n\t\t\t\t<\/div>\n\t\t\t\t\t<\/div>\n\t\t<\/div>\n\t\t\t\t\t<\/div>\n\t\t<\/section>\n\t\t\t\t<section class=\"elementor-section elementor-top-section elementor-element elementor-element-b62b26b elementor-section-content-middle elementor-section-boxed elementor-section-height-default elementor-section-height-default\" data-id=\"b62b26b\" data-element_type=\"section\" data-e-type=\"section\">\n\t\t\t\t\t\t<div class=\"elementor-container elementor-column-gap-default\">\n\t\t\t\t\t<div class=\"elementor-column elementor-col-100 elementor-top-column elementor-element elementor-element-1aad98f\" data-id=\"1aad98f\" data-element_type=\"column\" data-e-type=\"column\">\n\t\t\t<div class=\"elementor-widget-wrap elementor-element-populated\">\n\t\t\t\t\t\t<section class=\"elementor-section elementor-inner-section elementor-element elementor-element-3ae6755 elementor-section-boxed elementor-section-height-default elementor-section-height-default\" data-id=\"3ae6755\" data-element_type=\"section\" data-e-type=\"section\">\n\t\t\t\t\t\t<div class=\"elementor-container elementor-column-gap-default\">\n\t\t\t\t\t<div class=\"elementor-column elementor-col-50 elementor-inner-column elementor-element elementor-element-32a988c\" data-id=\"32a988c\" data-element_type=\"column\" data-e-type=\"column\">\n\t\t\t<div class=\"elementor-widget-wrap elementor-element-populated\">\n\t\t\t\t\t\t<div class=\"elementor-element elementor-element-5dd045e elementor-widget__width-auto elementor-widget-tablet__width-inherit elementor-widget elementor-widget-heading\" data-id=\"5dd045e\" data-element_type=\"widget\" data-e-type=\"widget\" data-widget_type=\"heading.default\">\n\t\t\t\t<div class=\"elementor-widget-container\">\n\t\t\t\t\t<h2 class=\"elementor-heading-title elementor-size-default translation-block\">Antinori wines from Apulia: Tormaresca<\/h2>\t\t\t\t<\/div>\n\t\t\t\t<\/div>\n\t\t\t\t<div class=\"elementor-element elementor-element-0e02269 elementor-widget__width-auto elementor-widget elementor-widget-text-editor\" data-id=\"0e02269\" data-element_type=\"widget\" data-e-type=\"widget\" data-widget_type=\"text-editor.default\">\n\t\t\t\t<div class=\"elementor-widget-container\">\n\t\t\t\t\t\t\t\t\t<p>Since 1998, the Antinori family has also had a winery in Puglia, a region that is an interesting addition to the already existing sites precisely because of its positive climatic conditions, which are influenced by the sea. The Tormaresca winery actually consists of two estates: Tenuta Bocca di Lupo in the Castel del Monte DOC region and Masseria in the north of Salento. It is particularly interesting that organic viticulture is also practised in Castel del Monte. Thus, highly rated organic white wines can be found here, such as the <em>Pietrabianca Castel del Monte DOC, <\/em>which consists of Chardonnay and the autochthonous Fiano, as well as balanced red wines in organic quality such as the single-vineyard <em>Bocca di Lupo Castel del Monte DOC<\/em>This wine is made from grapes of the ancient Aglianico grape variety and has intense tannins and a spicy-chocolate nose. The Apulian wine-growing region, however, is known beyond its borders for one grape variety in particular: the Primitivo grape. Wines from this grape, such as the <em>Torcicoda Primitivo Salento IGT<\/em> are characterised by their spicy and strong character and high alcohol content.<\/p>\t\t\t\t\t\t\t\t<\/div>\n\t\t\t\t<\/div>\n\t\t\t\t<div class=\"elementor-element elementor-element-8f2e03a elementor-widget elementor-widget-image\" data-id=\"8f2e03a\" data-element_type=\"widget\" data-e-type=\"widget\" data-widget_type=\"image.default\">\n\t\t\t\t<div class=\"elementor-widget-container\">\n\t\t\t\t\t\t\t\t\t\t\t\t\t\t\t<img fetchpriority=\"high\" decoding=\"async\" width=\"800\" height=\"468\" src=\"https:\/\/www.cantinetta-antinori.at\/wp-content\/uploads\/2020\/11\/apullien-02.png\" class=\"attachment-full size-full wp-image-1764\" alt=\"\" srcset=\"https:\/\/www.cantinetta-antinori.at\/wp-content\/uploads\/2020\/11\/apullien-02.png 800w, https:\/\/www.cantinetta-antinori.at\/wp-content\/uploads\/2020\/11\/apullien-02-600x351.png 600w, https:\/\/www.cantinetta-antinori.at\/wp-content\/uploads\/2020\/11\/apullien-02-300x176.png 300w, https:\/\/www.cantinetta-antinori.at\/wp-content\/uploads\/2020\/11\/apullien-02-768x449.png 768w\" sizes=\"(max-width: 800px) 100vw, 800px\" \/>\t\t\t\t\t\t\t\t\t\t\t\t\t\t\t<\/div>\n\t\t\t\t<\/div>\n\t\t\t\t\t<\/div>\n\t\t<\/div>\n\t\t\t\t<div class=\"elementor-column elementor-col-50 elementor-inner-column elementor-element elementor-element-49cd148\" data-id=\"49cd148\" data-element_type=\"column\" data-e-type=\"column\">\n\t\t\t<div class=\"elementor-widget-wrap elementor-element-populated\">\n\t\t\t\t\t\t<div class=\"elementor-element elementor-element-d7a23bd elementor-widget elementor-widget-image\" data-id=\"d7a23bd\" data-element_type=\"widget\" data-e-type=\"widget\" data-widget_type=\"image.default\">\n\t\t\t\t<div class=\"elementor-widget-container\">\n\t\t\t\t\t\t\t\t\t\t\t\t\t\t\t\t<a href=\"https:\/\/www.vinorama.at\/Weingueter\/Tormaresca-Castel-del-Monte\/\" target=\"_blank\">\n\t\t\t\t\t\t\t<img decoding=\"async\" width=\"263\" height=\"130\" src=\"https:\/\/www.cantinetta-antinori.at\/wp-content\/uploads\/2020\/11\/Antinori-Logo-Tormaresca-e1605705107808.png\" class=\"attachment-large size-large wp-image-2364\" alt=\"\" \/>\t\t\t\t\t\t\t\t<\/a>\n\t\t\t\t\t\t\t\t\t\t\t\t\t\t\t<\/div>\n\t\t\t\t<\/div>\n\t\t\t\t<div class=\"elementor-element elementor-element-5575248 elementor-widget__width-inherit elementor-widget elementor-widget-image\" data-id=\"5575248\" data-element_type=\"widget\" data-e-type=\"widget\" data-widget_type=\"image.default\">\n\t\t\t\t<div class=\"elementor-widget-container\">\n\t\t\t\t\t\t\t\t\t\t\t\t\t\t\t<img decoding=\"async\" src=\"https:\/\/www.cantinetta-antinori.at\/wp-content\/uploads\/elementor\/thumbs\/weisswein-trocken-oylc25uh6tydil757wvtmx82vvfagop6rtkn6alo8w.png\" title=\"white wine-dry\" alt=\"white wine-dry\" loading=\"lazy\" \/>\t\t\t\t\t\t\t\t\t\t\t\t\t\t\t<\/div>\n\t\t\t\t<\/div>\n\t\t\t\t<div class=\"elementor-element elementor-element-7acbfbc elementor-widget elementor-widget-text-editor\" data-id=\"7acbfbc\" data-element_type=\"widget\" data-e-type=\"widget\" data-widget_type=\"text-editor.default\">\n\t\t\t\t<div class=\"elementor-widget-container\">\n\t\t\t\t\t\t\t\t\t<p><strong><em style=\"color: #707070;\"><em>Pietrabianca Castel del Monte DOC\u00a0<\/em><\/em><\/strong><\/p>\t\t\t\t\t\t\t\t<\/div>\n\t\t\t\t<\/div>\n\t\t\t\t<div class=\"elementor-element elementor-element-fbce376 elementor-widget__width-inherit elementor-widget elementor-widget-image\" data-id=\"fbce376\" data-element_type=\"widget\" data-e-type=\"widget\" data-widget_type=\"image.default\">\n\t\t\t\t<div class=\"elementor-widget-container\">\n\t\t\t\t\t\t\t\t\t\t\t\t\t\t\t<img decoding=\"async\" src=\"https:\/\/www.cantinetta-antinori.at\/wp-content\/uploads\/elementor\/thumbs\/rotwein-dunkel-oylc23yst5vsvd9viw2khxp5p3ok1ahq3k9o7qoglc.png\" title=\"red wine dark\" alt=\"red wine dark\" loading=\"lazy\" \/>\t\t\t\t\t\t\t\t\t\t\t\t\t\t\t<\/div>\n\t\t\t\t<\/div>\n\t\t\t\t<div class=\"elementor-element elementor-element-dd04c04 elementor-widget elementor-widget-text-editor\" data-id=\"dd04c04\" data-element_type=\"widget\" data-e-type=\"widget\" data-widget_type=\"text-editor.default\">\n\t\t\t\t<div class=\"elementor-widget-container\">\n\t\t\t\t\t\t\t\t\t<p><strong><em style=\"color: #707070;\"><em>Bocca di Lupo Castel del Monte DOC\u00a0<\/em><\/em><\/strong><\/p>\t\t\t\t\t\t\t\t<\/div>\n\t\t\t\t<\/div>\n\t\t\t\t<div class=\"elementor-element elementor-element-f7a550b elementor-widget__width-inherit elementor-widget elementor-widget-image\" data-id=\"f7a550b\" data-element_type=\"widget\" data-e-type=\"widget\" data-widget_type=\"image.default\">\n\t\t\t\t<div class=\"elementor-widget-container\">\n\t\t\t\t\t\t\t\t\t\t\t\t\t\t\t<img decoding=\"async\" src=\"https:\/\/www.cantinetta-antinori.at\/wp-content\/uploads\/elementor\/thumbs\/rotwein-dunkel-oylc23yst5vsvd9viw2khxp5p3ok1ahq3k9o7qoglc.png\" title=\"red wine dark\" alt=\"red wine dark\" loading=\"lazy\" \/>\t\t\t\t\t\t\t\t\t\t\t\t\t\t\t<\/div>\n\t\t\t\t<\/div>\n\t\t\t\t<div class=\"elementor-element elementor-element-effd86e elementor-widget elementor-widget-text-editor\" data-id=\"effd86e\" data-element_type=\"widget\" data-e-type=\"widget\" data-widget_type=\"text-editor.default\">\n\t\t\t\t<div class=\"elementor-widget-container\">\n\t\t\t\t\t\t\t\t\t<p><strong><em style=\"color: #707070;\"><em>Torcicoda Primitivo<\/em><\/em> <em style=\"color: #707070;\"><em>Salento IGT\u00a0<\/em><\/em><\/strong><\/p>\t\t\t\t\t\t\t\t<\/div>\n\t\t\t\t<\/div>\n\t\t\t\t\t<\/div>\n\t\t<\/div>\n\t\t\t\t\t<\/div>\n\t\t<\/section>\n\t\t\t\t<div class=\"elementor-element elementor-element-ccd89d3 elementor-absolute elementor-widget__width-initial elementor-widget-tablet__width-initial elementor-widget-mobile__width-initial elementor-widget elementor-widget-spacer\" data-id=\"ccd89d3\" data-element_type=\"widget\" data-e-type=\"widget\" data-settings=\"{&quot;_position&quot;:&quot;absolute&quot;,&quot;_animation&quot;:&quot;none&quot;,&quot;_animation_tablet&quot;:&quot;none&quot;}\" data-widget_type=\"spacer.default\">\n\t\t\t\t<div class=\"elementor-widget-container\">\n\t\t\t\t\t\t\t<div class=\"elementor-spacer\">\n\t\t\t<div class=\"elementor-spacer-inner\"><\/div>\n\t\t<\/div>\n\t\t\t\t\t\t<\/div>\n\t\t\t\t<\/div>\n\t\t\t\t<div class=\"elementor-element elementor-element-fac13a7 elementor-widget__width-initial elementor-widget-tablet__width-initial elementor-widget-mobile__width-initial elementor-absolute elementor-hidden-tablet elementor-hidden-phone elementor-widget elementor-widget-spacer\" data-id=\"fac13a7\" data-element_type=\"widget\" data-e-type=\"widget\" data-settings=\"{&quot;_position&quot;:&quot;absolute&quot;}\" data-widget_type=\"spacer.default\">\n\t\t\t\t<div class=\"elementor-widget-container\">\n\t\t\t\t\t\t\t<div class=\"elementor-spacer\">\n\t\t\t<div class=\"elementor-spacer-inner\"><\/div>\n\t\t<\/div>\n\t\t\t\t\t\t<\/div>\n\t\t\t\t<\/div>\n\t\t\t\t\t<\/div>\n\t\t<\/div>\n\t\t\t\t\t<\/div>\n\t\t<\/section>\n\t\t\t\t<section class=\"elementor-section elementor-top-section elementor-element elementor-element-a2d9308 elementor-section-boxed elementor-section-height-default elementor-section-height-default\" data-id=\"a2d9308\" data-element_type=\"section\" data-e-type=\"section\">\n\t\t\t\t\t\t<div class=\"elementor-container elementor-column-gap-default\">\n\t\t\t\t\t<div class=\"elementor-column elementor-col-100 elementor-top-column elementor-element elementor-element-243e04c\" data-id=\"243e04c\" data-element_type=\"column\" data-e-type=\"column\">\n\t\t\t<div class=\"elementor-widget-wrap elementor-element-populated\">\n\t\t\t\t\t\t<div class=\"elementor-element elementor-element-ca0b627 elementor-widget__width-inherit elementor-widget-tablet__width-inherit elementor-widget elementor-widget-heading\" data-id=\"ca0b627\" data-element_type=\"widget\" data-e-type=\"widget\" data-widget_type=\"heading.default\">\n\t\t\t\t<div class=\"elementor-widget-container\">\n\t\t\t\t\t<h2 class=\"elementor-heading-title elementor-size-default\">The Antinori Wineries in Italy<\/h2>\t\t\t\t<\/div>\n\t\t\t\t<\/div>\n\t\t\t\t\t<\/div>\n\t\t<\/div>\n\t\t\t\t\t<\/div>\n\t\t<\/section>\n\t\t\t\t<section class=\"elementor-section elementor-top-section elementor-element elementor-element-5b63a85 elementor-section-boxed elementor-section-height-default elementor-section-height-default\" data-id=\"5b63a85\" data-element_type=\"section\" data-e-type=\"section\">\n\t\t\t\t\t\t<div class=\"elementor-container elementor-column-gap-default\">\n\t\t\t\t\t<div class=\"elementor-column elementor-col-20 elementor-top-column elementor-element elementor-element-87b7b8b\" data-id=\"87b7b8b\" data-element_type=\"column\" data-e-type=\"column\">\n\t\t\t<div class=\"elementor-widget-wrap elementor-element-populated\">\n\t\t\t\t\t\t<div class=\"elementor-element elementor-element-be3afb7 elementor-widget elementor-widget-image\" data-id=\"be3afb7\" data-element_type=\"widget\" data-e-type=\"widget\" data-widget_type=\"image.default\">\n\t\t\t\t<div class=\"elementor-widget-container\">\n\t\t\t\t\t\t\t\t\t\t\t\t\t\t\t\t<a href=\"https:\/\/www.cantinettaantinori-vienna.at\/cantinetta-antinori\/antinori-weine\/antinori-weinguter-toskana\/\">\n\t\t\t\t\t\t\t<img decoding=\"async\" width=\"360\" height=\"240\" src=\"https:\/\/www.cantinetta-antinori.at\/wp-content\/uploads\/2020\/11\/toskana_02.png\" class=\"attachment-full size-full wp-image-1687\" alt=\"antinori wines tuscany\" srcset=\"https:\/\/www.cantinetta-antinori.at\/wp-content\/uploads\/2020\/11\/toskana_02.png 360w, https:\/\/www.cantinetta-antinori.at\/wp-content\/uploads\/2020\/11\/toskana_02-300x200.png 300w\" sizes=\"(max-width: 360px) 100vw, 360px\" \/>\t\t\t\t\t\t\t\t<\/a>\n\t\t\t\t\t\t\t\t\t\t\t\t\t\t\t<\/div>\n\t\t\t\t<\/div>\n\t\t\t\t<div class=\"elementor-element elementor-element-506bf85 elementor-align-center elementor-widget elementor-widget-button\" data-id=\"506bf85\" data-element_type=\"widget\" data-e-type=\"widget\" data-widget_type=\"button.default\">\n\t\t\t\t<div class=\"elementor-widget-container\">\n\t\t\t\t\t\t\t\t\t<div class=\"elementor-button-wrapper\">\n\t\t\t\t\t<a class=\"elementor-button elementor-button-link elementor-size-sm\" href=\"https:\/\/www.cantinetta-antinori.at\/en\/antinori-family\/antinori-wines\/antinori-winery-tuscany\/\">\n\t\t\t\t\t\t<span class=\"elementor-button-content-wrapper\">\n\t\t\t\t\t\t\t\t\t<span class=\"elementor-button-text\">TUSCANY<\/span>\n\t\t\t\t\t<\/span>\n\t\t\t\t\t<\/a>\n\t\t\t\t<\/div>\n\t\t\t\t\t\t\t\t<\/div>\n\t\t\t\t<\/div>\n\t\t\t\t\t<\/div>\n\t\t<\/div>\n\t\t\t\t<div class=\"elementor-column elementor-col-20 elementor-top-column elementor-element elementor-element-6f7de96\" data-id=\"6f7de96\" data-element_type=\"column\" data-e-type=\"column\">\n\t\t\t<div class=\"elementor-widget-wrap elementor-element-populated\">\n\t\t\t\t\t\t<div class=\"elementor-element elementor-element-b234eb2 elementor-widget elementor-widget-image\" data-id=\"b234eb2\" data-element_type=\"widget\" data-e-type=\"widget\" data-widget_type=\"image.default\">\n\t\t\t\t<div class=\"elementor-widget-container\">\n\t\t\t\t\t\t\t\t\t\t\t\t\t\t\t\t<a href=\"https:\/\/www.cantinettaantinori-vienna.at\/cantinetta-antinori\/antinori-weine\/umbrien\/\">\n\t\t\t\t\t\t\t<img loading=\"lazy\" decoding=\"async\" width=\"361\" height=\"241\" src=\"https:\/\/www.cantinetta-antinori.at\/wp-content\/uploads\/2020\/11\/Lombardei.png\" class=\"attachment-large size-large wp-image-1689\" alt=\"antinori wines lomardei\" srcset=\"https:\/\/www.cantinetta-antinori.at\/wp-content\/uploads\/2020\/11\/Lombardei.png 361w, https:\/\/www.cantinetta-antinori.at\/wp-content\/uploads\/2020\/11\/Lombardei-300x200.png 300w\" sizes=\"(max-width: 361px) 100vw, 361px\" \/>\t\t\t\t\t\t\t\t<\/a>\n\t\t\t\t\t\t\t\t\t\t\t\t\t\t\t<\/div>\n\t\t\t\t<\/div>\n\t\t\t\t<div class=\"elementor-element elementor-element-693dc5c elementor-align-center elementor-widget elementor-widget-button\" data-id=\"693dc5c\" data-element_type=\"widget\" data-e-type=\"widget\" data-widget_type=\"button.default\">\n\t\t\t\t<div class=\"elementor-widget-container\">\n\t\t\t\t\t\t\t\t\t<div class=\"elementor-button-wrapper\">\n\t\t\t\t\t<a class=\"elementor-button elementor-button-link elementor-size-sm\" href=\"https:\/\/www.cantinetta-antinori.at\/en\/antinori-family\/antinori-wines\/umbria\/\">\n\t\t\t\t\t\t<span class=\"elementor-button-content-wrapper\">\n\t\t\t\t\t\t\t\t\t<span class=\"elementor-button-text\">Umbria <\/span>\n\t\t\t\t\t<\/span>\n\t\t\t\t\t<\/a>\n\t\t\t\t<\/div>\n\t\t\t\t\t\t\t\t<\/div>\n\t\t\t\t<\/div>\n\t\t\t\t\t<\/div>\n\t\t<\/div>\n\t\t\t\t<div class=\"elementor-column elementor-col-20 elementor-top-column elementor-element elementor-element-eb28b80\" data-id=\"eb28b80\" data-element_type=\"column\" data-e-type=\"column\">\n\t\t\t<div class=\"elementor-widget-wrap elementor-element-populated\">\n\t\t\t\t\t\t<div class=\"elementor-element elementor-element-54565ec elementor-widget elementor-widget-image\" data-id=\"54565ec\" data-element_type=\"widget\" data-e-type=\"widget\" data-widget_type=\"image.default\">\n\t\t\t\t<div class=\"elementor-widget-container\">\n\t\t\t\t\t\t\t\t\t\t\t\t\t\t\t\t<a href=\"https:\/\/www.cantinettaantinori-vienna.at\/cantinetta-antinori\/antinori-weine\/antinori-weinguter-lombardei\/\">\n\t\t\t\t\t\t\t<img loading=\"lazy\" decoding=\"async\" width=\"359\" height=\"240\" src=\"https:\/\/www.cantinetta-antinori.at\/wp-content\/uploads\/2020\/11\/Lombardei-1.png\" class=\"attachment-large size-large wp-image-1692\" alt=\"antinori wines lombardy\" srcset=\"https:\/\/www.cantinetta-antinori.at\/wp-content\/uploads\/2020\/11\/Lombardei-1.png 359w, https:\/\/www.cantinetta-antinori.at\/wp-content\/uploads\/2020\/11\/Lombardei-1-300x201.png 300w\" sizes=\"(max-width: 359px) 100vw, 359px\" \/>\t\t\t\t\t\t\t\t<\/a>\n\t\t\t\t\t\t\t\t\t\t\t\t\t\t\t<\/div>\n\t\t\t\t<\/div>\n\t\t\t\t<div class=\"elementor-element elementor-element-b625a9e elementor-align-center elementor-widget elementor-widget-button\" data-id=\"b625a9e\" data-element_type=\"widget\" data-e-type=\"widget\" data-widget_type=\"button.default\">\n\t\t\t\t<div class=\"elementor-widget-container\">\n\t\t\t\t\t\t\t\t\t<div class=\"elementor-button-wrapper\">\n\t\t\t\t\t<a class=\"elementor-button elementor-button-link elementor-size-sm\" href=\"https:\/\/www.cantinetta-antinori.at\/en\/antinori-family\/antinori-wines\/antinori-winery-lombardy\/\">\n\t\t\t\t\t\t<span class=\"elementor-button-content-wrapper\">\n\t\t\t\t\t\t\t\t\t<span class=\"elementor-button-text\">Lombardy <\/span>\n\t\t\t\t\t<\/span>\n\t\t\t\t\t<\/a>\n\t\t\t\t<\/div>\n\t\t\t\t\t\t\t\t<\/div>\n\t\t\t\t<\/div>\n\t\t\t\t\t<\/div>\n\t\t<\/div>\n\t\t\t\t<div class=\"elementor-column elementor-col-20 elementor-top-column elementor-element elementor-element-9072522\" data-id=\"9072522\" data-element_type=\"column\" data-e-type=\"column\">\n\t\t\t<div class=\"elementor-widget-wrap elementor-element-populated\">\n\t\t\t\t\t\t<div class=\"elementor-element elementor-element-faf3688 elementor-widget elementor-widget-image\" data-id=\"faf3688\" data-element_type=\"widget\" data-e-type=\"widget\" data-widget_type=\"image.default\">\n\t\t\t\t<div class=\"elementor-widget-container\">\n\t\t\t\t\t\t\t\t\t\t\t\t\t\t\t\t<a href=\"https:\/\/www.cantinettaantinori-vienna.at\/cantinetta-antinori\/antinori-weine\/antinori-weinguter-piemont\/\">\n\t\t\t\t\t\t\t<img loading=\"lazy\" decoding=\"async\" width=\"355\" height=\"241\" src=\"https:\/\/www.cantinetta-antinori.at\/wp-content\/uploads\/2020\/11\/piemont.png\" class=\"attachment-full size-full wp-image-1691\" alt=\"antinori wines piedmont\" srcset=\"https:\/\/www.cantinetta-antinori.at\/wp-content\/uploads\/2020\/11\/piemont.png 355w, https:\/\/www.cantinetta-antinori.at\/wp-content\/uploads\/2020\/11\/piemont-300x204.png 300w\" sizes=\"(max-width: 355px) 100vw, 355px\" \/>\t\t\t\t\t\t\t\t<\/a>\n\t\t\t\t\t\t\t\t\t\t\t\t\t\t\t<\/div>\n\t\t\t\t<\/div>\n\t\t\t\t<div class=\"elementor-element elementor-element-3f29022 elementor-align-center elementor-widget elementor-widget-button\" data-id=\"3f29022\" data-element_type=\"widget\" data-e-type=\"widget\" data-widget_type=\"button.default\">\n\t\t\t\t<div class=\"elementor-widget-container\">\n\t\t\t\t\t\t\t\t\t<div class=\"elementor-button-wrapper\">\n\t\t\t\t\t<a class=\"elementor-button elementor-button-link elementor-size-sm\" href=\"https:\/\/www.cantinetta-antinori.at\/en\/antinori-family\/antinori-wines\/antinori-winery-piedmont\/\">\n\t\t\t\t\t\t<span class=\"elementor-button-content-wrapper\">\n\t\t\t\t\t\t\t\t\t<span class=\"elementor-button-text\">Piedmont<\/span>\n\t\t\t\t\t<\/span>\n\t\t\t\t\t<\/a>\n\t\t\t\t<\/div>\n\t\t\t\t\t\t\t\t<\/div>\n\t\t\t\t<\/div>\n\t\t\t\t\t<\/div>\n\t\t<\/div>\n\t\t\t\t<div class=\"elementor-column elementor-col-20 elementor-top-column elementor-element elementor-element-66f5594\" data-id=\"66f5594\" data-element_type=\"column\" data-e-type=\"column\">\n\t\t\t<div class=\"elementor-widget-wrap elementor-element-populated\">\n\t\t\t\t\t\t<div class=\"elementor-element elementor-element-a39cdcb elementor-widget elementor-widget-image\" data-id=\"a39cdcb\" data-element_type=\"widget\" data-e-type=\"widget\" data-widget_type=\"image.default\">\n\t\t\t\t<div class=\"elementor-widget-container\">\n\t\t\t\t\t\t\t\t\t\t\t\t\t\t\t\t<a href=\"https:\/\/www.cantinetta-antinori.at\/en\/cantinetta-antinori\/antinori-wines\/jermann-friuli\/\">\n\t\t\t\t\t\t\t<img decoding=\"async\" src=\"https:\/\/www.cantinetta-antinori.at\/wp-content\/uploads\/elementor\/thumbs\/friaul-wein-pg6wd1o15qr7sydquh523g7o4w1t511vjmsfr67y6o.jpg\" title=\"friaul wine\" alt=\"antinori wines friuli\" loading=\"lazy\" \/>\t\t\t\t\t\t\t\t<\/a>\n\t\t\t\t\t\t\t\t\t\t\t\t\t\t\t<\/div>\n\t\t\t\t<\/div>\n\t\t\t\t<div class=\"elementor-element elementor-element-339613b elementor-align-center elementor-widget elementor-widget-button\" data-id=\"339613b\" data-element_type=\"widget\" data-e-type=\"widget\" data-widget_type=\"button.default\">\n\t\t\t\t<div class=\"elementor-widget-container\">\n\t\t\t\t\t\t\t\t\t<div class=\"elementor-button-wrapper\">\n\t\t\t\t\t<a class=\"elementor-button elementor-button-link elementor-size-sm\" href=\"https:\/\/www.cantinetta-antinori.at\/en\/antinori-family\/antinori-wines\/jermann-friuli\/\">\n\t\t\t\t\t\t<span class=\"elementor-button-content-wrapper\">\n\t\t\t\t\t\t\t\t\t<span class=\"elementor-button-text\">Friuli<\/span>\n\t\t\t\t\t<\/span>\n\t\t\t\t\t<\/a>\n\t\t\t\t<\/div>\n\t\t\t\t\t\t\t\t<\/div>\n\t\t\t\t<\/div>\n\t\t\t\t\t<\/div>\n\t\t<\/div>\n\t\t\t\t\t<\/div>\n\t\t<\/section>\n\t\t\t\t<\/div>","protected":false},"excerpt":{"rendered":"<p>Antinori weing\u00fcter Apulien Antinori-Weine aus Apulien: Tormaresca Seit 1998 verf\u00fcgt die Familie Antinori auch \u00fcber ein Weingut in Apulien, einer Region, die gerade wegen ihrer positiven, vom Meer gepr\u00e4gten klimatischen Bedingungen eine interessante Erg\u00e4nzung zu den bereits vorhandenen Lagen darstellt. Das Weingut Tormaresca besteht eigentlich aus zwei G\u00fctern: dem Tenuta Bocca di Lupo in der [&hellip;]<\/p>\n","protected":false},"author":1,"featured_media":0,"parent":1659,"menu_order":0,"comment_status":"closed","ping_status":"closed","template":"elementor_header_footer","meta":{"footnotes":""},"class_list":["post-1759","page","type-page","status-publish","hentry"],"_links":{"self":[{"href":"https:\/\/www.cantinetta-antinori.at\/en\/wp-json\/wp\/v2\/pages\/1759","targetHints":{"allow":["GET"]}}],"collection":[{"href":"https:\/\/www.cantinetta-antinori.at\/en\/wp-json\/wp\/v2\/pages"}],"about":[{"href":"https:\/\/www.cantinetta-antinori.at\/en\/wp-json\/wp\/v2\/types\/page"}],"author":[{"embeddable":true,"href":"https:\/\/www.cantinetta-antinori.at\/en\/wp-json\/wp\/v2\/users\/1"}],"replies":[{"embeddable":true,"href":"https:\/\/www.cantinetta-antinori.at\/en\/wp-json\/wp\/v2\/comments?post=1759"}],"version-history":[{"count":105,"href":"https:\/\/www.cantinetta-antinori.at\/en\/wp-json\/wp\/v2\/pages\/1759\/revisions"}],"predecessor-version":[{"id":11764,"href":"https:\/\/www.cantinetta-antinori.at\/en\/wp-json\/wp\/v2\/pages\/1759\/revisions\/11764"}],"up":[{"embeddable":true,"href":"https:\/\/www.cantinetta-antinori.at\/en\/wp-json\/wp\/v2\/pages\/1659"}],"wp:attachment":[{"href":"https:\/\/www.cantinetta-antinori.at\/en\/wp-json\/wp\/v2\/media?parent=1759"}],"curies":[{"name":"wp","href":"https:\/\/api.w.org\/{rel}","templated":true}]}}