{"id":5972,"date":"2021-11-17T07:25:23","date_gmt":"2021-11-17T07:25:23","guid":{"rendered":"https:\/\/www.cantinetta-antinori.at\/?page_id=5972"},"modified":"2022-11-25T08:54:34","modified_gmt":"2022-11-25T08:54:34","slug":"jermann-friuli","status":"publish","type":"page","link":"https:\/\/www.cantinetta-antinori.at\/en\/familie-antinori\/antinori-weine\/jermann-friaul\/","title":{"rendered":"Winery Jermann Friuli"},"content":{"rendered":"<div data-elementor-type=\"wp-page\" data-elementor-id=\"5972\" class=\"elementor elementor-5972\" data-elementor-post-type=\"page\">\n\t\t\t\t\t\t<section class=\"elementor-section elementor-top-section elementor-element elementor-element-13eb99c6 elementor-section-height-min-height elementor-section-boxed elementor-section-height-default elementor-section-items-middle\" data-id=\"13eb99c6\" data-element_type=\"section\" data-e-type=\"section\" data-settings=\"{&quot;background_background&quot;:&quot;classic&quot;}\">\n\t\t\t\t\t\t<div class=\"elementor-container elementor-column-gap-default\">\n\t\t\t\t\t<div class=\"elementor-column elementor-col-100 elementor-top-column elementor-element elementor-element-3ed68ce8\" data-id=\"3ed68ce8\" data-element_type=\"column\" data-e-type=\"column\">\n\t\t\t<div class=\"elementor-widget-wrap elementor-element-populated\">\n\t\t\t\t\t\t<div class=\"elementor-element elementor-element-5634abfa elementor-widget elementor-widget-heading\" data-id=\"5634abfa\" data-element_type=\"widget\" data-e-type=\"widget\" data-widget_type=\"heading.default\">\n\t\t\t\t<div class=\"elementor-widget-container\">\n\t\t\t\t\t<h1 class=\"elementor-heading-title elementor-size-default\">winery Jermann friaul<\/h1>\t\t\t\t<\/div>\n\t\t\t\t<\/div>\n\t\t\t\t\t<\/div>\n\t\t<\/div>\n\t\t\t\t\t<\/div>\n\t\t<\/section>\n\t\t\t\t<section class=\"elementor-section elementor-top-section elementor-element elementor-element-440163e4 elementor-section-boxed elementor-section-height-default elementor-section-height-default\" data-id=\"440163e4\" data-element_type=\"section\" data-e-type=\"section\">\n\t\t\t\t\t\t<div class=\"elementor-container elementor-column-gap-default\">\n\t\t\t\t\t<div class=\"elementor-column elementor-col-50 elementor-top-column elementor-element elementor-element-27f54d7e\" data-id=\"27f54d7e\" data-element_type=\"column\" data-e-type=\"column\">\n\t\t\t<div class=\"elementor-widget-wrap elementor-element-populated\">\n\t\t\t\t\t\t<div class=\"elementor-element elementor-element-1e2284cd elementor-widget__width-auto elementor-widget-tablet__width-inherit elementor-widget elementor-widget-heading\" data-id=\"1e2284cd\" data-element_type=\"widget\" data-e-type=\"widget\" data-widget_type=\"heading.default\">\n\t\t\t\t<div class=\"elementor-widget-container\">\n\t\t\t\t\t<h2 class=\"elementor-heading-title elementor-size-default\">Vintage Tunina : Masterpiece from the <a href=\"https:\/\/www.vinorama.at\/Weingueter\/Jermann-Villanova-di-Farra\/\" target=\"_blank\">Friuli<\/a><\/h2>\t\t\t\t<\/div>\n\t\t\t\t<\/div>\n\t\t\t\t<div class=\"elementor-element elementor-element-503ecba9 elementor-widget elementor-widget-text-editor\" data-id=\"503ecba9\" data-element_type=\"widget\" data-e-type=\"widget\" data-widget_type=\"text-editor.default\">\n\t\t\t\t<div class=\"elementor-widget-container\">\n\t\t\t\t\t\t\t\t\t<p>Silvio Jermann took over the farm in the 1970s and has expanded it greatly. Jermann currently owns 170 hectares, 20 of which are cultivated organically. Silvio Jermann was one of the driving forces behind the renewal of Friuli's wines and created fresh, clear and varietally typical wines.<br \/>His masterpiece is the Vintage Tunina, a skilful cuv\u00e9e of Sauvignon, Chardonnay, Ribolla Gialla, Malvasia Istriana and Picolit. Since its first vintage in 1975, it has counted <a href=\"https:\/\/www.vinorama.at\/Weingueter\/Jermann-Villanova-di-Farra\/Vintage-Tunina-Friuli-Venezia-Giulia-IGP-2019.html\" target=\"_blank\" rel=\"noopener\">Vintage Tunina<\/a> among the reference points of Italian wine. Vintage Tunina is the wine that has been awarded the most coveted three glasses by Gambero Rosso.<br \/>\"The intensive cooperation with Antinori is a new beginning for us, so we are well equipped for the demands of the future,\" explains Silvio Jermann.<br \/>The Antinori family is the majority owner at Jermann, since 2021.<\/p>\t\t\t\t\t\t\t\t<\/div>\n\t\t\t\t<\/div>\n\t\t\t\t<div class=\"elementor-element elementor-element-7832f815 elementor-absolute elementor-widget__width-initial elementor-widget-tablet__width-initial elementor-widget elementor-widget-spacer\" data-id=\"7832f815\" data-element_type=\"widget\" data-e-type=\"widget\" data-settings=\"{&quot;_position&quot;:&quot;absolute&quot;,&quot;_animation&quot;:&quot;none&quot;}\" data-widget_type=\"spacer.default\">\n\t\t\t\t<div class=\"elementor-widget-container\">\n\t\t\t\t\t\t\t<div class=\"elementor-spacer\">\n\t\t\t<div class=\"elementor-spacer-inner\"><\/div>\n\t\t<\/div>\n\t\t\t\t\t\t<\/div>\n\t\t\t\t<\/div>\n\t\t\t\t\t<\/div>\n\t\t<\/div>\n\t\t\t\t<div class=\"elementor-column elementor-col-50 elementor-top-column elementor-element elementor-element-4f4a243d\" data-id=\"4f4a243d\" data-element_type=\"column\" data-e-type=\"column\">\n\t\t\t<div class=\"elementor-widget-wrap elementor-element-populated\">\n\t\t\t\t\t\t<div class=\"elementor-element elementor-element-5702f2b4 elementor-widget elementor-widget-image\" data-id=\"5702f2b4\" data-element_type=\"widget\" data-e-type=\"widget\" data-widget_type=\"image.default\">\n\t\t\t\t<div class=\"elementor-widget-container\">\n\t\t\t\t\t\t\t\t\t\t\t\t\t\t\t\t<a href=\"https:\/\/www.vinorama.at\/Weingueter\/Jermann-Villanova-di-Farra\/\" target=\"_blank\">\n\t\t\t\t\t\t\t<img decoding=\"async\" width=\"200\" height=\"54\" src=\"https:\/\/www.cantinetta-antinori.at\/wp-content\/uploads\/2021\/11\/jermann.png\" class=\"attachment-large size-large wp-image-5982\" alt=\"\" srcset=\"https:\/\/www.cantinetta-antinori.at\/wp-content\/uploads\/2021\/11\/jermann.png 200w, https:\/\/www.cantinetta-antinori.at\/wp-content\/uploads\/2021\/11\/jermann-18x5.png 18w\" sizes=\"(max-width: 200px) 100vw, 200px\" \/>\t\t\t\t\t\t\t\t<\/a>\n\t\t\t\t\t\t\t\t\t\t\t\t\t\t\t<\/div>\n\t\t\t\t<\/div>\n\t\t\t\t<section class=\"elementor-section elementor-inner-section elementor-element elementor-element-42ae9c7 elementor-section-boxed elementor-section-height-default elementor-section-height-default\" data-id=\"42ae9c7\" data-element_type=\"section\" data-e-type=\"section\">\n\t\t\t\t\t\t<div class=\"elementor-container elementor-column-gap-default\">\n\t\t\t\t\t<div class=\"elementor-column elementor-col-50 elementor-inner-column elementor-element elementor-element-cd42fcd\" data-id=\"cd42fcd\" data-element_type=\"column\" data-e-type=\"column\">\n\t\t\t<div class=\"elementor-widget-wrap elementor-element-populated\">\n\t\t\t\t\t\t<div class=\"elementor-element elementor-element-db5d47e elementor-widget__width-inherit elementor-widget elementor-widget-image\" data-id=\"db5d47e\" data-element_type=\"widget\" data-e-type=\"widget\" data-widget_type=\"image.default\">\n\t\t\t\t<div class=\"elementor-widget-container\">\n\t\t\t\t\t\t\t\t\t\t\t\t\t\t\t<img decoding=\"async\" src=\"https:\/\/www.cantinetta-antinori.at\/wp-content\/uploads\/elementor\/thumbs\/weisswein-trocken-oylc25uh6tydil757wvtmx82vvfagop6rtkn6alo8w.png\" title=\"white wine-dry\" alt=\"white wine-dry\" loading=\"lazy\" \/>\t\t\t\t\t\t\t\t\t\t\t\t\t\t\t<\/div>\n\t\t\t\t<\/div>\n\t\t\t\t<div class=\"elementor-element elementor-element-2c68554 elementor-widget elementor-widget-text-editor\" data-id=\"2c68554\" data-element_type=\"widget\" data-e-type=\"widget\" data-widget_type=\"text-editor.default\">\n\t\t\t\t<div class=\"elementor-widget-container\">\n\t\t\t\t\t\t\t\t\t<strong><em style=\"color: #707070;\"><em>Vintage Tunina I.G.T. <\/em><\/em><\/strong>\t\t\t\t\t\t\t\t<\/div>\n\t\t\t\t<\/div>\n\t\t\t\t<div class=\"elementor-element elementor-element-1e02e3e elementor-widget__width-inherit elementor-widget elementor-widget-image\" data-id=\"1e02e3e\" data-element_type=\"widget\" data-e-type=\"widget\" data-widget_type=\"image.default\">\n\t\t\t\t<div class=\"elementor-widget-container\">\n\t\t\t\t\t\t\t\t\t\t\t\t\t\t\t<img decoding=\"async\" src=\"https:\/\/www.cantinetta-antinori.at\/wp-content\/uploads\/elementor\/thumbs\/weisswein-trocken-oylc25uh6tydil757wvtmx82vvfagop6rtkn6alo8w.png\" title=\"white wine-dry\" alt=\"white wine-dry\" loading=\"lazy\" \/>\t\t\t\t\t\t\t\t\t\t\t\t\t\t\t<\/div>\n\t\t\t\t<\/div>\n\t\t\t\t<div class=\"elementor-element elementor-element-42cb663a elementor-widget elementor-widget-text-editor\" data-id=\"42cb663a\" data-element_type=\"widget\" data-e-type=\"widget\" data-widget_type=\"text-editor.default\">\n\t\t\t\t<div class=\"elementor-widget-container\">\n\t\t\t\t\t\t\t\t\t<p><strong><em style=\"color: #707070;\"><em>Pinot Grigio D.O.C.<\/em><\/em><\/strong><\/p>\t\t\t\t\t\t\t\t<\/div>\n\t\t\t\t<\/div>\n\t\t\t\t\t<\/div>\n\t\t<\/div>\n\t\t\t\t<div class=\"elementor-column elementor-col-50 elementor-inner-column elementor-element elementor-element-d202b54\" data-id=\"d202b54\" data-element_type=\"column\" data-e-type=\"column\">\n\t\t\t<div class=\"elementor-widget-wrap elementor-element-populated\">\n\t\t\t\t\t\t<div class=\"elementor-element elementor-element-d4730ce elementor-widget__width-inherit elementor-widget elementor-widget-image\" data-id=\"d4730ce\" data-element_type=\"widget\" data-e-type=\"widget\" data-widget_type=\"image.default\">\n\t\t\t\t<div class=\"elementor-widget-container\">\n\t\t\t\t\t\t\t\t\t\t\t\t\t\t\t<img decoding=\"async\" src=\"https:\/\/www.cantinetta-antinori.at\/wp-content\/uploads\/elementor\/thumbs\/weisswein-trocken-oylc25uh6tydil757wvtmx82vvfagop6rtkn6alo8w.png\" title=\"white wine-dry\" alt=\"white wine-dry\" loading=\"lazy\" \/>\t\t\t\t\t\t\t\t\t\t\t\t\t\t\t<\/div>\n\t\t\t\t<\/div>\n\t\t\t\t<div class=\"elementor-element elementor-element-77a80fa elementor-widget elementor-widget-text-editor\" data-id=\"77a80fa\" data-element_type=\"widget\" data-e-type=\"widget\" data-widget_type=\"text-editor.default\">\n\t\t\t\t<div class=\"elementor-widget-container\">\n\t\t\t\t\t\t\t\t\t<strong><em style=\"color: #707070;\"><em>Where Dreams Have No End I.G.T. <\/em><\/em><\/strong>\t\t\t\t\t\t\t\t<\/div>\n\t\t\t\t<\/div>\n\t\t\t\t<div class=\"elementor-element elementor-element-d43e6b1 elementor-widget__width-inherit elementor-widget elementor-widget-image\" data-id=\"d43e6b1\" data-element_type=\"widget\" data-e-type=\"widget\" data-widget_type=\"image.default\">\n\t\t\t\t<div class=\"elementor-widget-container\">\n\t\t\t\t\t\t\t\t\t\t\t\t\t\t\t<img decoding=\"async\" src=\"https:\/\/www.cantinetta-antinori.at\/wp-content\/uploads\/elementor\/thumbs\/weisswein-trocken-oylc25uh6tydil757wvtmx82vvfagop6rtkn6alo8w.png\" title=\"white wine-dry\" alt=\"white wine-dry\" loading=\"lazy\" \/>\t\t\t\t\t\t\t\t\t\t\t\t\t\t\t<\/div>\n\t\t\t\t<\/div>\n\t\t\t\t<div class=\"elementor-element elementor-element-36772e69 elementor-widget elementor-widget-text-editor\" data-id=\"36772e69\" data-element_type=\"widget\" data-e-type=\"widget\" data-widget_type=\"text-editor.default\">\n\t\t\t\t<div class=\"elementor-widget-container\">\n\t\t\t\t\t\t\t\t\t<strong><em style=\"color: #707070;\"><em>Vinnae Ribolla Gialla I.G.T.<\/em><\/em><\/strong>\t\t\t\t\t\t\t\t<\/div>\n\t\t\t\t<\/div>\n\t\t\t\t\t<\/div>\n\t\t<\/div>\n\t\t\t\t\t<\/div>\n\t\t<\/section>\n\t\t\t\t\t<\/div>\n\t\t<\/div>\n\t\t\t\t\t<\/div>\n\t\t<\/section>\n\t\t\t\t<section class=\"elementor-section elementor-top-section elementor-element elementor-element-110e35f0 elementor-section-boxed elementor-section-height-default elementor-section-height-default\" data-id=\"110e35f0\" data-element_type=\"section\" data-e-type=\"section\">\n\t\t\t\t\t\t<div class=\"elementor-container elementor-column-gap-default\">\n\t\t\t\t\t<div class=\"elementor-column elementor-col-100 elementor-top-column elementor-element elementor-element-4cabbf77\" data-id=\"4cabbf77\" data-element_type=\"column\" data-e-type=\"column\">\n\t\t\t<div class=\"elementor-widget-wrap elementor-element-populated\">\n\t\t\t\t\t\t<div class=\"elementor-element elementor-element-30e822d7 elementor-widget__width-inherit elementor-widget-tablet__width-inherit elementor-widget elementor-widget-heading\" data-id=\"30e822d7\" data-element_type=\"widget\" data-e-type=\"widget\" data-widget_type=\"heading.default\">\n\t\t\t\t<div class=\"elementor-widget-container\">\n\t\t\t\t\t<h2 class=\"elementor-heading-title elementor-size-default\">The Antinori Wineries in Italy<\/h2>\t\t\t\t<\/div>\n\t\t\t\t<\/div>\n\t\t\t\t\t<\/div>\n\t\t<\/div>\n\t\t\t\t\t<\/div>\n\t\t<\/section>\n\t\t\t\t<section class=\"elementor-section elementor-top-section elementor-element elementor-element-7facfdef elementor-section-boxed elementor-section-height-default elementor-section-height-default\" data-id=\"7facfdef\" data-element_type=\"section\" data-e-type=\"section\">\n\t\t\t\t\t\t<div class=\"elementor-container elementor-column-gap-default\">\n\t\t\t\t\t<div class=\"elementor-column elementor-col-20 elementor-top-column elementor-element elementor-element-5987a928\" data-id=\"5987a928\" data-element_type=\"column\" data-e-type=\"column\">\n\t\t\t<div class=\"elementor-widget-wrap elementor-element-populated\">\n\t\t\t\t\t\t<div class=\"elementor-element elementor-element-4f31c642 elementor-widget elementor-widget-image\" data-id=\"4f31c642\" data-element_type=\"widget\" data-e-type=\"widget\" data-widget_type=\"image.default\">\n\t\t\t\t<div class=\"elementor-widget-container\">\n\t\t\t\t\t\t\t\t\t\t\t\t\t\t\t\t<a href=\"https:\/\/www.cantinettaantinori-vienna.at\/cantinetta-antinori\/antinori-weine\/antinori-weinguter-toskana\/\">\n\t\t\t\t\t\t\t<img fetchpriority=\"high\" decoding=\"async\" width=\"360\" height=\"240\" src=\"https:\/\/www.cantinetta-antinori.at\/wp-content\/uploads\/2020\/11\/toskana_02.png\" class=\"attachment-full size-full wp-image-1687\" alt=\"antinori wines tuscany\" srcset=\"https:\/\/www.cantinetta-antinori.at\/wp-content\/uploads\/2020\/11\/toskana_02.png 360w, https:\/\/www.cantinetta-antinori.at\/wp-content\/uploads\/2020\/11\/toskana_02-300x200.png 300w\" sizes=\"(max-width: 360px) 100vw, 360px\" \/>\t\t\t\t\t\t\t\t<\/a>\n\t\t\t\t\t\t\t\t\t\t\t\t\t\t\t<\/div>\n\t\t\t\t<\/div>\n\t\t\t\t<div class=\"elementor-element elementor-element-6640f56d elementor-align-center elementor-widget elementor-widget-button\" data-id=\"6640f56d\" data-element_type=\"widget\" data-e-type=\"widget\" data-widget_type=\"button.default\">\n\t\t\t\t<div class=\"elementor-widget-container\">\n\t\t\t\t\t\t\t\t\t<div class=\"elementor-button-wrapper\">\n\t\t\t\t\t<a class=\"elementor-button elementor-button-link elementor-size-sm\" href=\"https:\/\/www.cantinetta-antinori.at\/en\/antinori-family\/antinori-wines\/antinori-winery-tuscany\/\">\n\t\t\t\t\t\t<span class=\"elementor-button-content-wrapper\">\n\t\t\t\t\t\t\t\t\t<span class=\"elementor-button-text\">TUSCANY<\/span>\n\t\t\t\t\t<\/span>\n\t\t\t\t\t<\/a>\n\t\t\t\t<\/div>\n\t\t\t\t\t\t\t\t<\/div>\n\t\t\t\t<\/div>\n\t\t\t\t\t<\/div>\n\t\t<\/div>\n\t\t\t\t<div class=\"elementor-column elementor-col-20 elementor-top-column elementor-element elementor-element-4f07846\" data-id=\"4f07846\" data-element_type=\"column\" data-e-type=\"column\">\n\t\t\t<div class=\"elementor-widget-wrap elementor-element-populated\">\n\t\t\t\t\t\t<div class=\"elementor-element elementor-element-9cdaaca elementor-widget elementor-widget-image\" data-id=\"9cdaaca\" data-element_type=\"widget\" data-e-type=\"widget\" data-widget_type=\"image.default\">\n\t\t\t\t<div class=\"elementor-widget-container\">\n\t\t\t\t\t\t\t\t\t\t\t\t\t\t\t\t<a href=\"https:\/\/www.cantinettaantinori-vienna.at\/cantinetta-antinori\/antinori-weine\/antinori-weinguter-lombardei\/\">\n\t\t\t\t\t\t\t<img decoding=\"async\" width=\"359\" height=\"240\" src=\"https:\/\/www.cantinetta-antinori.at\/wp-content\/uploads\/2020\/11\/Lombardei-1.png\" class=\"attachment-large size-large wp-image-1692\" alt=\"antinori wines lombardy\" srcset=\"https:\/\/www.cantinetta-antinori.at\/wp-content\/uploads\/2020\/11\/Lombardei-1.png 359w, https:\/\/www.cantinetta-antinori.at\/wp-content\/uploads\/2020\/11\/Lombardei-1-300x201.png 300w\" sizes=\"(max-width: 359px) 100vw, 359px\" \/>\t\t\t\t\t\t\t\t<\/a>\n\t\t\t\t\t\t\t\t\t\t\t\t\t\t\t<\/div>\n\t\t\t\t<\/div>\n\t\t\t\t<div class=\"elementor-element elementor-element-df0e6c7 elementor-align-center elementor-widget elementor-widget-button\" data-id=\"df0e6c7\" data-element_type=\"widget\" data-e-type=\"widget\" data-widget_type=\"button.default\">\n\t\t\t\t<div class=\"elementor-widget-container\">\n\t\t\t\t\t\t\t\t\t<div class=\"elementor-button-wrapper\">\n\t\t\t\t\t<a class=\"elementor-button elementor-button-link elementor-size-sm\" href=\"https:\/\/www.cantinetta-antinori.at\/en\/antinori-family\/antinori-wines\/antinori-winery-lombardy\/\">\n\t\t\t\t\t\t<span class=\"elementor-button-content-wrapper\">\n\t\t\t\t\t\t\t\t\t<span class=\"elementor-button-text\">Lombardy <\/span>\n\t\t\t\t\t<\/span>\n\t\t\t\t\t<\/a>\n\t\t\t\t<\/div>\n\t\t\t\t\t\t\t\t<\/div>\n\t\t\t\t<\/div>\n\t\t\t\t\t<\/div>\n\t\t<\/div>\n\t\t\t\t<div class=\"elementor-column elementor-col-20 elementor-top-column elementor-element elementor-element-7a6c0b3f\" data-id=\"7a6c0b3f\" data-element_type=\"column\" data-e-type=\"column\">\n\t\t\t<div class=\"elementor-widget-wrap elementor-element-populated\">\n\t\t\t\t\t\t<div class=\"elementor-element elementor-element-1e051940 elementor-widget elementor-widget-image\" data-id=\"1e051940\" data-element_type=\"widget\" data-e-type=\"widget\" data-widget_type=\"image.default\">\n\t\t\t\t<div class=\"elementor-widget-container\">\n\t\t\t\t\t\t\t\t\t\t\t\t\t\t\t\t<a href=\"https:\/\/www.cantinettaantinori-vienna.at\/cantinetta-antinori\/antinori-weine\/umbrien\/\">\n\t\t\t\t\t\t\t<img loading=\"lazy\" decoding=\"async\" width=\"361\" height=\"241\" src=\"https:\/\/www.cantinetta-antinori.at\/wp-content\/uploads\/2020\/11\/Lombardei.png\" class=\"attachment-large size-large wp-image-1689\" alt=\"antinori wines lomardei\" srcset=\"https:\/\/www.cantinetta-antinori.at\/wp-content\/uploads\/2020\/11\/Lombardei.png 361w, https:\/\/www.cantinetta-antinori.at\/wp-content\/uploads\/2020\/11\/Lombardei-300x200.png 300w\" sizes=\"(max-width: 361px) 100vw, 361px\" \/>\t\t\t\t\t\t\t\t<\/a>\n\t\t\t\t\t\t\t\t\t\t\t\t\t\t\t<\/div>\n\t\t\t\t<\/div>\n\t\t\t\t<div class=\"elementor-element elementor-element-358c0d5f elementor-align-center elementor-widget elementor-widget-button\" data-id=\"358c0d5f\" data-element_type=\"widget\" data-e-type=\"widget\" data-widget_type=\"button.default\">\n\t\t\t\t<div class=\"elementor-widget-container\">\n\t\t\t\t\t\t\t\t\t<div class=\"elementor-button-wrapper\">\n\t\t\t\t\t<a class=\"elementor-button elementor-button-link elementor-size-sm\" href=\"https:\/\/www.cantinetta-antinori.at\/en\/antinori-family\/antinori-wines\/umbria\/\">\n\t\t\t\t\t\t<span class=\"elementor-button-content-wrapper\">\n\t\t\t\t\t\t\t\t\t<span class=\"elementor-button-text\">Umbria <\/span>\n\t\t\t\t\t<\/span>\n\t\t\t\t\t<\/a>\n\t\t\t\t<\/div>\n\t\t\t\t\t\t\t\t<\/div>\n\t\t\t\t<\/div>\n\t\t\t\t\t<\/div>\n\t\t<\/div>\n\t\t\t\t<div class=\"elementor-column elementor-col-20 elementor-top-column elementor-element elementor-element-6618c3d4\" data-id=\"6618c3d4\" data-element_type=\"column\" data-e-type=\"column\">\n\t\t\t<div class=\"elementor-widget-wrap elementor-element-populated\">\n\t\t\t\t\t\t<div class=\"elementor-element elementor-element-41561c18 elementor-widget elementor-widget-image\" data-id=\"41561c18\" data-element_type=\"widget\" data-e-type=\"widget\" data-widget_type=\"image.default\">\n\t\t\t\t<div class=\"elementor-widget-container\">\n\t\t\t\t\t\t\t\t\t\t\t\t\t\t\t\t<a href=\"https:\/\/www.cantinettaantinori-vienna.at\/cantinetta-antinori\/antinori-weine\/antinori-weinguter-apulien\/\">\n\t\t\t\t\t\t\t<img loading=\"lazy\" decoding=\"async\" width=\"363\" height=\"242\" src=\"https:\/\/www.cantinetta-antinori.at\/wp-content\/uploads\/2020\/11\/Apulien.png\" class=\"attachment-full size-full wp-image-1709\" alt=\"antinori wines apulia\" srcset=\"https:\/\/www.cantinetta-antinori.at\/wp-content\/uploads\/2020\/11\/Apulien.png 363w, https:\/\/www.cantinetta-antinori.at\/wp-content\/uploads\/2020\/11\/Apulien-300x200.png 300w\" sizes=\"(max-width: 363px) 100vw, 363px\" \/>\t\t\t\t\t\t\t\t<\/a>\n\t\t\t\t\t\t\t\t\t\t\t\t\t\t\t<\/div>\n\t\t\t\t<\/div>\n\t\t\t\t<div class=\"elementor-element elementor-element-78ecd3ef elementor-align-center elementor-widget elementor-widget-button\" data-id=\"78ecd3ef\" data-element_type=\"widget\" data-e-type=\"widget\" data-widget_type=\"button.default\">\n\t\t\t\t<div class=\"elementor-widget-container\">\n\t\t\t\t\t\t\t\t\t<div class=\"elementor-button-wrapper\">\n\t\t\t\t\t<a class=\"elementor-button elementor-button-link elementor-size-sm\" href=\"https:\/\/www.cantinetta-antinori.at\/en\/antinori-family\/antinori-wines\/antinori-winery-apulia\/\">\n\t\t\t\t\t\t<span class=\"elementor-button-content-wrapper\">\n\t\t\t\t\t\t\t\t\t<span class=\"elementor-button-text\">Apulia <\/span>\n\t\t\t\t\t<\/span>\n\t\t\t\t\t<\/a>\n\t\t\t\t<\/div>\n\t\t\t\t\t\t\t\t<\/div>\n\t\t\t\t<\/div>\n\t\t\t\t\t<\/div>\n\t\t<\/div>\n\t\t\t\t<div class=\"elementor-column elementor-col-20 elementor-top-column elementor-element elementor-element-57428ce\" data-id=\"57428ce\" data-element_type=\"column\" data-e-type=\"column\">\n\t\t\t<div class=\"elementor-widget-wrap elementor-element-populated\">\n\t\t\t\t\t\t<div class=\"elementor-element elementor-element-115c354e elementor-widget elementor-widget-image\" data-id=\"115c354e\" data-element_type=\"widget\" data-e-type=\"widget\" data-widget_type=\"image.default\">\n\t\t\t\t<div class=\"elementor-widget-container\">\n\t\t\t\t\t\t\t\t\t\t\t\t\t\t\t\t<a href=\"https:\/\/www.cantinettaantinori-vienna.at\/cantinetta-antinori\/antinori-weine\/antinori-weinguter-piemont\/\">\n\t\t\t\t\t\t\t<img loading=\"lazy\" decoding=\"async\" width=\"355\" height=\"241\" src=\"https:\/\/www.cantinetta-antinori.at\/wp-content\/uploads\/2020\/11\/piemont.png\" class=\"attachment-full size-full wp-image-1691\" alt=\"antinori wines piedmont\" srcset=\"https:\/\/www.cantinetta-antinori.at\/wp-content\/uploads\/2020\/11\/piemont.png 355w, https:\/\/www.cantinetta-antinori.at\/wp-content\/uploads\/2020\/11\/piemont-300x204.png 300w\" sizes=\"(max-width: 355px) 100vw, 355px\" \/>\t\t\t\t\t\t\t\t<\/a>\n\t\t\t\t\t\t\t\t\t\t\t\t\t\t\t<\/div>\n\t\t\t\t<\/div>\n\t\t\t\t<div class=\"elementor-element elementor-element-5fc181a3 elementor-align-center elementor-widget elementor-widget-button\" data-id=\"5fc181a3\" data-element_type=\"widget\" data-e-type=\"widget\" data-widget_type=\"button.default\">\n\t\t\t\t<div class=\"elementor-widget-container\">\n\t\t\t\t\t\t\t\t\t<div class=\"elementor-button-wrapper\">\n\t\t\t\t\t<a class=\"elementor-button elementor-button-link elementor-size-sm\" href=\"https:\/\/www.cantinettaantinori-vienna.at\/cantinetta-antinori\/antinori-weine\/antinori-weinguter-piemont\/\">\n\t\t\t\t\t\t<span class=\"elementor-button-content-wrapper\">\n\t\t\t\t\t\t\t\t\t<span class=\"elementor-button-text\">Piedmont<\/span>\n\t\t\t\t\t<\/span>\n\t\t\t\t\t<\/a>\n\t\t\t\t<\/div>\n\t\t\t\t\t\t\t\t<\/div>\n\t\t\t\t<\/div>\n\t\t\t\t\t<\/div>\n\t\t<\/div>\n\t\t\t\t\t<\/div>\n\t\t<\/section>\n\t\t\t\t<\/div>","protected":false},"excerpt":{"rendered":"<p>weingut Jermann friaul Vintage Tunina : Meisterst\u00fcck aus dem Friaul Silvio Jermann \u00fcbernahm den Betrieb in den 1970er Jahren und hat ihn gro\u00df ausgebaut. Aktuell z\u00e4hlen 170 Hektar, von denen 20 biologisch bewirtschaftet werden, zu Jermann. Silvio Jermann war einer der ma\u00dfgeblichen Motoren f\u00fcr die Erneuerung der Weine des Friaul und kreierte frische, klare und [&hellip;]<\/p>\n","protected":false},"author":1,"featured_media":0,"parent":1659,"menu_order":0,"comment_status":"closed","ping_status":"closed","template":"elementor_header_footer","meta":{"footnotes":""},"class_list":["post-5972","page","type-page","status-publish","hentry"],"_links":{"self":[{"href":"https:\/\/www.cantinetta-antinori.at\/en\/wp-json\/wp\/v2\/pages\/5972","targetHints":{"allow":["GET"]}}],"collection":[{"href":"https:\/\/www.cantinetta-antinori.at\/en\/wp-json\/wp\/v2\/pages"}],"about":[{"href":"https:\/\/www.cantinetta-antinori.at\/en\/wp-json\/wp\/v2\/types\/page"}],"author":[{"embeddable":true,"href":"https:\/\/www.cantinetta-antinori.at\/en\/wp-json\/wp\/v2\/users\/1"}],"replies":[{"embeddable":true,"href":"https:\/\/www.cantinetta-antinori.at\/en\/wp-json\/wp\/v2\/comments?post=5972"}],"version-history":[{"count":52,"href":"https:\/\/www.cantinetta-antinori.at\/en\/wp-json\/wp\/v2\/pages\/5972\/revisions"}],"predecessor-version":[{"id":11761,"href":"https:\/\/www.cantinetta-antinori.at\/en\/wp-json\/wp\/v2\/pages\/5972\/revisions\/11761"}],"up":[{"embeddable":true,"href":"https:\/\/www.cantinetta-antinori.at\/en\/wp-json\/wp\/v2\/pages\/1659"}],"wp:attachment":[{"href":"https:\/\/www.cantinetta-antinori.at\/en\/wp-json\/wp\/v2\/media?parent=5972"}],"curies":[{"name":"wp","href":"https:\/\/api.w.org\/{rel}","templated":true}]}}