{"id":1367,"date":"2020-09-07T12:49:51","date_gmt":"2020-09-07T12:49:51","guid":{"rendered":"http:\/\/www.cantinettaantinori-vienna.at\/?page_id=1367"},"modified":"2024-06-06T06:05:00","modified_gmt":"2024-06-06T06:05:00","slug":"impronta-cantinetta-antinori","status":"publish","type":"page","link":"https:\/\/www.cantinetta-antinori.at\/it\/impressum-cantinetta-antinori\/","title":{"rendered":"Sigla editoriale"},"content":{"rendered":"<div data-elementor-type=\"wp-page\" data-elementor-id=\"1367\" class=\"elementor elementor-1367\" data-elementor-post-type=\"page\">\n\t\t\t\t\t\t<section class=\"elementor-section elementor-top-section elementor-element elementor-element-29933d5 elementor-section-boxed elementor-section-height-default elementor-section-height-default\" data-id=\"29933d5\" data-element_type=\"section\" data-e-type=\"section\">\n\t\t\t\t\t\t<div class=\"elementor-container elementor-column-gap-default\">\n\t\t\t\t\t<div class=\"elementor-column elementor-col-100 elementor-top-column elementor-element elementor-element-f5845dc\" data-id=\"f5845dc\" data-element_type=\"column\" data-e-type=\"column\">\n\t\t\t<div class=\"elementor-widget-wrap elementor-element-populated\">\n\t\t\t\t\t\t<div class=\"elementor-element elementor-element-80baaab elementor-widget__width-initial elementor-widget elementor-widget-text-editor\" data-id=\"80baaab\" data-element_type=\"widget\" data-e-type=\"widget\" data-widget_type=\"text-editor.default\">\n\t\t\t\t<div class=\"elementor-widget-container\">\n\t\t\t\t\t\t\t\t\t<h1>Sigla editoriale<\/h1><p>Cantinetta Antinori Gastronomie GmbH<br \/>Jasomirgottstrasse 3-5<br \/>1010 Vienna<\/p><p>N. Registro Imprese: 130285 x<br \/>Registro Imprese depositato presso il Tribunale commerciale di Vienna<br \/>Associazioni: Camera di commercio austriaca<br \/>Oggetto d\u2019impresa: ristorante italiano<br \/>gastronomia, locale di tendenza, Vienna<\/p><p><strong>Rappresentante:<\/strong><br \/>Luca Chiesa<\/p><h2>Contatti<\/h2><p>Telefono: +43 (0) 1 5337722<br \/>Fax: +43 (0) 1 533772211<br \/>E-mail: <span style=\"color: #755751;\"><a style=\"color: #755751;\" href=\"mailto:office@cantinetta-antinori.at\">office@cantinetta-antinori.at<\/a><\/span><\/p><h2>P. IVA<\/h2><p>Numero di partita IVA ai sensi dell\u2019art. 27 a Umsatzsteuergesetz (Legge relativa all\u2019imposta sul volume d\u2019affari):<br \/>ATU37970503<\/p><h2>Composizione delle controversie nell\u2019Ue<\/h2><p>La Commissione europea mette a disposizione una piattaforma per la risoluzione online delle controversie (ODR): <span style=\"color: #755751;\"><a style=\"color: #755751;\" href=\"https:\/\/ec.europa.eu\/consumers\/odr\" target=\"_blank\" rel=\"noopener noreferrer\">https:\/\/ec.europa.eu\/consumers\/odr<\/a>.<\/span><br \/>Il nostro indirizzo e-mail \u00e8 riportato nella sigla editoriale.<\/p><h2>Risoluzione delle controversie dei consumatori\/Organo di conciliazione universale<\/h2><p>Non siamo disposti n\u00e9 obbligati a partecipare ad una procedura di risoluzione delle controversie di un organo di conciliazione dei consumatori.<\/p><h3>Responsabilit\u00e0 per i contenuti<\/h3><p>In qualit\u00e0 di fornitori di servizi siamo responsabili dei nostri contenuti pubblicati su queste pagine in conformit\u00e0 con le leggi generali vigenti. Tuttavia, in qualit\u00e0 di fornitori di servizi non siamo tenuti a controllare le informazioni trasmesse o memorizzate da terze parti n\u00e9 a indagare su circostanze che facciano pensare ad attivit\u00e0 illecite.<\/p><p>Rimane inalterato l'obbligo di rimuovere o bloccare l'uso delle informazioni in conformit\u00e0 alle leggi generali vigenti. Tuttavia, in tale caso la responsabilit\u00e0 \u00e8 applicabile solo dal momento in cui veniamo a conoscenza di una violazione concreta della legge. Provvederemo ad eliminare immediatamente questi contenuti non appena rileveremo tali violazioni.<\/p><h3>Responsabilit\u00e0 per i link<\/h3><p>La nostra offerta contiene link a siti esterni di terze parti, sui contenuti dei quali non abbiamo alcuna influenza. Pertanto, non possiamo nemmeno garantire per i contenuti di tali pagine esterne. La responsabilit\u00e0 per i contenuti delle pagine collegate ricade sempre sul fornitore o gestore delle stesse. Le pagine collegate sono state controllate al momento del collegamento per verificare la presenza di eventuali infrazioni della legge. Al momento del collegamento non erano ravvisabili contenuti illegali.<\/p><p>Un controllo permanente dei contenuti delle pagine collegate non \u00e8 tuttavia praticabile senza concreti indizi di infrazione. Non appena rileveremo un\u2019infrazione, provvederemo ad eliminare immediatamente i link interessati.<\/p><h3>Diritto d'autore<\/h3><p>I contenuti creati dal gestore delle pagine e le opere presenti su queste pagine sono protetti dal diritto d\u2019autore tedesco. La riproduzione, la modifica, la divulgazione e qualsiasi altro tipo di utilizzo al di fuori dei limiti previsti dal diritto d'autore necessita dell'approvazione scritta dell'autore o del redattore. \u00c8 consentito scaricare o duplicare queste pagine solo per uso privato e non commerciale.<\/p><p>Nella misura in cui i contenuti su queste pagine non siano stati creati dal gestore stesso, sono rispettati i diritti d'autore di terzi. In particolare, \u00e8 debitamente specificato quando i contenuti sono di terzi. Qualora ci\u00f2 nonostante si rilevi una violazione del diritto d'autore, si prega di comunicarcelo. Non appena rileveremo un\u2019infrazione, provvederemo ad eliminare immediatamente i contenuti interessati.<\/p>\t\t\t\t\t\t\t\t<\/div>\n\t\t\t\t<\/div>\n\t\t\t\t\t<\/div>\n\t\t<\/div>\n\t\t\t\t\t<\/div>\n\t\t<\/section>\n\t\t\t\t<\/div>","protected":false},"excerpt":{"rendered":"<p>Impressum Cantinetta Antinori Gastronomie GmbHJasomirgottstra\u00dfe 3-51010 Wien Firmenbuch-Nr.: 130285 xFirmenbuchgericht: HG WienMitgliedschaften: Wirtschaftskammer \u00d6sterreichUnternehmensgegenstand: Italienisches RestaurantKulinarik, Szene, Wien Vertreten durch:Luca Chiesa Kontakt Telefon: +43 (0) 1 5337722Telefax: +43 (0) 1 533772211E-Mail: office@cantinetta-antinori.at Umsatzsteuer-ID Umsatzsteuer-Identifikationsnummer gem\u00e4\u00df \u00a7 27 a Umsatzsteuergesetz:ATU37970503 EU-Streitschlichtung Die Europ\u00e4ische Kommission stellt eine Plattform zur Online-Streitbeilegung (OS) bereit: https:\/\/ec.europa.eu\/consumers\/odr.Unsere E-Mail-Adresse finden Sie oben [&hellip;]<\/p>\n","protected":false},"author":1,"featured_media":0,"parent":0,"menu_order":100,"comment_status":"closed","ping_status":"closed","template":"elementor_header_footer","meta":{"footnotes":""},"class_list":["post-1367","page","type-page","status-publish","hentry"],"_links":{"self":[{"href":"https:\/\/www.cantinetta-antinori.at\/it\/wp-json\/wp\/v2\/pages\/1367","targetHints":{"allow":["GET"]}}],"collection":[{"href":"https:\/\/www.cantinetta-antinori.at\/it\/wp-json\/wp\/v2\/pages"}],"about":[{"href":"https:\/\/www.cantinetta-antinori.at\/it\/wp-json\/wp\/v2\/types\/page"}],"author":[{"embeddable":true,"href":"https:\/\/www.cantinetta-antinori.at\/it\/wp-json\/wp\/v2\/users\/1"}],"replies":[{"embeddable":true,"href":"https:\/\/www.cantinetta-antinori.at\/it\/wp-json\/wp\/v2\/comments?post=1367"}],"version-history":[{"count":23,"href":"https:\/\/www.cantinetta-antinori.at\/it\/wp-json\/wp\/v2\/pages\/1367\/revisions"}],"predecessor-version":[{"id":17942,"href":"https:\/\/www.cantinetta-antinori.at\/it\/wp-json\/wp\/v2\/pages\/1367\/revisions\/17942"}],"wp:attachment":[{"href":"https:\/\/www.cantinetta-antinori.at\/it\/wp-json\/wp\/v2\/media?parent=1367"}],"curies":[{"name":"wp","href":"https:\/\/api.w.org\/{rel}","templated":true}]}}