{"id":1547,"date":"2020-09-09T08:03:49","date_gmt":"2020-09-09T08:03:49","guid":{"rendered":"https:\/\/www.cantinettaantinori-vienna.at\/?page_id=1547"},"modified":"2022-07-26T08:50:29","modified_gmt":"2022-07-26T08:50:29","slug":"famiglia-antinori","status":"publish","type":"page","link":"https:\/\/www.cantinetta-antinori.at\/it\/familie-antinori\/","title":{"rendered":"La famiglia"},"content":{"rendered":"<div data-elementor-type=\"wp-page\" data-elementor-id=\"1547\" class=\"elementor elementor-1547\" data-elementor-post-type=\"page\">\n\t\t\t\t\t\t<section class=\"elementor-section elementor-top-section elementor-element elementor-element-42d81dc4 elementor-section-height-min-height elementor-section-full_width elementor-section-height-default elementor-section-items-middle\" data-id=\"42d81dc4\" data-element_type=\"section\" data-e-type=\"section\" data-settings=\"{&quot;background_background&quot;:&quot;classic&quot;}\">\n\t\t\t\t\t\t<div class=\"elementor-container elementor-column-gap-default\">\n\t\t\t\t\t<div class=\"elementor-column elementor-col-100 elementor-top-column elementor-element elementor-element-770033b2\" data-id=\"770033b2\" data-element_type=\"column\" data-e-type=\"column\">\n\t\t\t<div class=\"elementor-widget-wrap elementor-element-populated\">\n\t\t\t\t\t\t<div class=\"elementor-element elementor-element-1bdd1fbf elementor-widget elementor-widget-heading\" data-id=\"1bdd1fbf\" data-element_type=\"widget\" data-e-type=\"widget\" data-widget_type=\"heading.default\">\n\t\t\t\t<div class=\"elementor-widget-container\">\n\t\t\t\t\t<h1 class=\"elementor-heading-title elementor-size-default\">Antinori<\/h1>\t\t\t\t<\/div>\n\t\t\t\t<\/div>\n\t\t\t\t\t<\/div>\n\t\t<\/div>\n\t\t\t\t\t<\/div>\n\t\t<\/section>\n\t\t\t\t<section class=\"elementor-section elementor-top-section elementor-element elementor-element-6212ecd elementor-section-content-middle elementor-section-boxed elementor-section-height-default elementor-section-height-default\" data-id=\"6212ecd\" data-element_type=\"section\" data-e-type=\"section\">\n\t\t\t\t\t\t<div class=\"elementor-container elementor-column-gap-default\">\n\t\t\t\t\t<div class=\"elementor-column elementor-col-50 elementor-top-column elementor-element elementor-element-dd85d31\" data-id=\"dd85d31\" data-element_type=\"column\" data-e-type=\"column\">\n\t\t\t<div class=\"elementor-widget-wrap elementor-element-populated\">\n\t\t\t\t\t\t<div class=\"elementor-element elementor-element-feecce8 elementor-widget elementor-widget-heading\" data-id=\"feecce8\" data-element_type=\"widget\" data-e-type=\"widget\" data-widget_type=\"heading.default\">\n\t\t\t\t<div class=\"elementor-widget-container\">\n\t\t\t\t\t<h2 class=\"elementor-heading-title elementor-size-default\">La famiglia<\/h2>\t\t\t\t<\/div>\n\t\t\t\t<\/div>\n\t\t\t\t<div class=\"elementor-element elementor-element-f81cc7b elementor-widget elementor-widget-text-editor\" data-id=\"f81cc7b\" data-element_type=\"widget\" data-e-type=\"widget\" data-widget_type=\"text-editor.default\">\n\t\t\t\t<div class=\"elementor-widget-container\">\n\t\t\t\t\t\t\t\t\t<p class=\"p1 translation-block\">La passione per il vino \u00e8 una costante che accompagna la famiglia Antinori da oltre sei secoli, da quando Giovanni di Piero Antinori entr\u00f2 a far parte nel 1385 all\u2019Arte Fiorentina dei Vinattieri. Per 26 generazioni la famiglia ha gestito direttamente l\u2019azienda con una capacit\u00e0 d\u2019innovare che l\u2019ha portata spesso a scelte coraggiose senza per\u00f2 mai perdere di vista le tradizioni e i valori territoriali. Un legame stretto con la propria terra e il ritmo della natura \u00e8 la cifra distintiva della dinastia Antinori e dei suoi vini. A reggere il timone della societ\u00e0 oggi \u00e8 il marchese Piero Antinori con le tre figlie Albiera, Allegra e Alessia.<\/p><p class=\"p1 translation-block\">Tradizione, passione e intuizione hanno consentito ad Antinori di affermarsi tra i migliori produttori italiani di vini di alta qualit\u00e0. Questa passione, associata al piaceri della buona tavola e a un\u2019ospitalit\u00e0 genuina, si ritrova nella Cantinetta Antinori in Stephansplatz a Vienna.<\/p>\t\t\t\t\t\t\t\t<\/div>\n\t\t\t\t<\/div>\n\t\t\t\t\t<\/div>\n\t\t<\/div>\n\t\t\t\t<div class=\"elementor-column elementor-col-50 elementor-top-column elementor-element elementor-element-8de16b1\" data-id=\"8de16b1\" data-element_type=\"column\" data-e-type=\"column\">\n\t\t\t<div class=\"elementor-widget-wrap elementor-element-populated\">\n\t\t\t\t\t\t<div class=\"elementor-element elementor-element-36e20e8 elementor-widget elementor-widget-image\" data-id=\"36e20e8\" data-element_type=\"widget\" data-e-type=\"widget\" data-widget_type=\"image.default\">\n\t\t\t\t<div class=\"elementor-widget-container\">\n\t\t\t\t\t\t\t\t\t\t\t\t\t\t\t<img decoding=\"async\" src=\"https:\/\/www.cantinetta-antinori.at\/wp-content\/uploads\/elementor\/thumbs\/CA_Antinori-lxypgr79m79cieqp7zsrr04wbvxy031jg4gn6xr3xc.jpg\" title=\"CA_Antinori\" alt=\"CA_Antinori\" loading=\"lazy\" \/>\t\t\t\t\t\t\t\t\t\t\t\t\t\t\t<\/div>\n\t\t\t\t<\/div>\n\t\t\t\t<div class=\"elementor-element elementor-element-15ef075 elementor-absolute elementor-widget-tablet__width-initial elementor-widget-mobile__width-initial elementor-invisible elementor-widget elementor-widget-spacer\" data-id=\"15ef075\" data-element_type=\"widget\" data-e-type=\"widget\" data-settings=\"{&quot;_animation&quot;:&quot;fadeInRight&quot;,&quot;_position&quot;:&quot;absolute&quot;}\" data-widget_type=\"spacer.default\">\n\t\t\t\t<div class=\"elementor-widget-container\">\n\t\t\t\t\t\t\t<div class=\"elementor-spacer\">\n\t\t\t<div class=\"elementor-spacer-inner\"><\/div>\n\t\t<\/div>\n\t\t\t\t\t\t<\/div>\n\t\t\t\t<\/div>\n\t\t\t\t\t<\/div>\n\t\t<\/div>\n\t\t\t\t\t<\/div>\n\t\t<\/section>\n\t\t\t\t<\/div>","protected":false},"excerpt":{"rendered":"<p>Antinori Familie Antinori Die Familie Antinori steht seit mehr als sechshundert Jahren f\u00fcr die Liebe zum Wein. 1385 trat Giovanni di Piero Antinori der Florentiner Zunft der Winzer bei. \u00dcber 26 Generationen hinweg hat die Familie den Betrieb stets direkt geleitet und innovative sowie oft mutige Entscheidungen getroffen, ohne jemals die Traditionen und die Regionalit\u00e4t [&hellip;]<\/p>\n","protected":false},"author":1,"featured_media":0,"parent":0,"menu_order":15,"comment_status":"closed","ping_status":"closed","template":"elementor_header_footer","meta":{"footnotes":""},"class_list":["post-1547","page","type-page","status-publish","hentry"],"_links":{"self":[{"href":"https:\/\/www.cantinetta-antinori.at\/it\/wp-json\/wp\/v2\/pages\/1547","targetHints":{"allow":["GET"]}}],"collection":[{"href":"https:\/\/www.cantinetta-antinori.at\/it\/wp-json\/wp\/v2\/pages"}],"about":[{"href":"https:\/\/www.cantinetta-antinori.at\/it\/wp-json\/wp\/v2\/types\/page"}],"author":[{"embeddable":true,"href":"https:\/\/www.cantinetta-antinori.at\/it\/wp-json\/wp\/v2\/users\/1"}],"replies":[{"embeddable":true,"href":"https:\/\/www.cantinetta-antinori.at\/it\/wp-json\/wp\/v2\/comments?post=1547"}],"version-history":[{"count":50,"href":"https:\/\/www.cantinetta-antinori.at\/it\/wp-json\/wp\/v2\/pages\/1547\/revisions"}],"predecessor-version":[{"id":10724,"href":"https:\/\/www.cantinetta-antinori.at\/it\/wp-json\/wp\/v2\/pages\/1547\/revisions\/10724"}],"wp:attachment":[{"href":"https:\/\/www.cantinetta-antinori.at\/it\/wp-json\/wp\/v2\/media?parent=1547"}],"curies":[{"name":"wp","href":"https:\/\/api.w.org\/{rel}","templated":true}]}}