{"id":16956,"date":"2024-05-12T06:43:02","date_gmt":"2024-05-12T06:43:02","guid":{"rendered":"https:\/\/www.cantinetta-antinori.at\/?page_id=16956"},"modified":"2026-04-21T07:42:19","modified_gmt":"2026-04-21T07:42:19","slug":"buono-nuovo","status":"publish","type":"page","link":"https:\/\/www.cantinetta-antinori.at\/it\/gutschein-new\/","title":{"rendered":"Voucher"},"content":{"rendered":"<div data-elementor-type=\"wp-page\" data-elementor-id=\"16956\" class=\"elementor elementor-16956\" data-elementor-post-type=\"page\">\n\t\t\t\t\t\t<section class=\"elementor-section elementor-top-section elementor-element elementor-element-4ee3c080 elementor-section-full_width elementor-section-height-min-height elementor-section-height-default elementor-section-items-middle\" data-id=\"4ee3c080\" data-element_type=\"section\" data-e-type=\"section\" data-settings=\"{&quot;background_background&quot;:&quot;classic&quot;}\">\n\t\t\t\t\t\t\t<div class=\"elementor-background-overlay\"><\/div>\n\t\t\t\t\t\t\t<div class=\"elementor-container elementor-column-gap-no\">\n\t\t\t\t\t<div class=\"elementor-column elementor-col-100 elementor-top-column elementor-element elementor-element-ade72d8\" data-id=\"ade72d8\" data-element_type=\"column\" data-e-type=\"column\">\n\t\t\t<div class=\"elementor-widget-wrap elementor-element-populated\">\n\t\t\t\t\t\t<div class=\"elementor-element elementor-element-4405aff elementor-widget elementor-widget-spacer\" data-id=\"4405aff\" data-element_type=\"widget\" data-e-type=\"widget\" data-widget_type=\"spacer.default\">\n\t\t\t\t<div class=\"elementor-widget-container\">\n\t\t\t\t\t\t\t<div class=\"elementor-spacer\">\n\t\t\t<div class=\"elementor-spacer-inner\"><\/div>\n\t\t<\/div>\n\t\t\t\t\t\t<\/div>\n\t\t\t\t<\/div>\n\t\t\t\t<div class=\"elementor-element elementor-element-5fbb116 elementor-widget elementor-widget-image\" data-id=\"5fbb116\" data-element_type=\"widget\" data-e-type=\"widget\" data-widget_type=\"image.default\">\n\t\t\t\t<div class=\"elementor-widget-container\">\n\t\t\t\t\t\t\t\t\t\t\t\t\t\t\t<img fetchpriority=\"high\" decoding=\"async\" width=\"700\" height=\"600\" src=\"https:\/\/www.cantinetta-antinori.at\/wp-content\/uploads\/2024\/05\/Logo-700x600-1.png\" class=\"attachment-full size-full wp-image-16850\" alt=\"\" srcset=\"https:\/\/www.cantinetta-antinori.at\/wp-content\/uploads\/2024\/05\/Logo-700x600-1.png 700w, https:\/\/www.cantinetta-antinori.at\/wp-content\/uploads\/2024\/05\/Logo-700x600-1-300x257.png 300w, https:\/\/www.cantinetta-antinori.at\/wp-content\/uploads\/2024\/05\/Logo-700x600-1-14x12.png 14w\" sizes=\"(max-width: 700px) 100vw, 700px\" \/>\t\t\t\t\t\t\t\t\t\t\t\t\t\t\t<\/div>\n\t\t\t\t<\/div>\n\t\t\t\t<div class=\"elementor-element elementor-element-3f54464 elementor-widget elementor-widget-heading\" data-id=\"3f54464\" data-element_type=\"widget\" data-e-type=\"widget\" data-widget_type=\"heading.default\">\n\t\t\t\t<div class=\"elementor-widget-container\">\n\t\t\t\t\t<h2 class=\"elementor-heading-title elementor-size-default\">Vienna<\/h2>\t\t\t\t<\/div>\n\t\t\t\t<\/div>\n\t\t\t\t<div class=\"elementor-element elementor-element-7e692a3 elementor-align-center elementor-widget elementor-widget-lottie\" data-id=\"7e692a3\" data-element_type=\"widget\" data-e-type=\"widget\" data-settings=\"{&quot;source_json&quot;:{&quot;url&quot;:&quot;https:\\\/\\\/www.cantinetta-antinori.at\\\/wp-content\\\/uploads\\\/2024\\\/05\\\/Scroll-Lottie-Antinori-Hero.json&quot;,&quot;id&quot;:16932,&quot;size&quot;:&quot;&quot;,&quot;alt&quot;:&quot;&quot;,&quot;source&quot;:&quot;library&quot;},&quot;loop&quot;:&quot;yes&quot;,&quot;play_speed&quot;:{&quot;unit&quot;:&quot;px&quot;,&quot;size&quot;:0.6999999999999999555910790149937383830547332763671875,&quot;sizes&quot;:[]},&quot;source&quot;:&quot;media_file&quot;,&quot;caption_source&quot;:&quot;none&quot;,&quot;link_to&quot;:&quot;none&quot;,&quot;trigger&quot;:&quot;arriving_to_viewport&quot;,&quot;viewport&quot;:{&quot;unit&quot;:&quot;%&quot;,&quot;size&quot;:&quot;&quot;,&quot;sizes&quot;:{&quot;start&quot;:0,&quot;end&quot;:100}},&quot;start_point&quot;:{&quot;unit&quot;:&quot;%&quot;,&quot;size&quot;:0,&quot;sizes&quot;:[]},&quot;end_point&quot;:{&quot;unit&quot;:&quot;%&quot;,&quot;size&quot;:100,&quot;sizes&quot;:[]},&quot;renderer&quot;:&quot;svg&quot;}\" data-widget_type=\"lottie.default\">\n\t\t\t\t<div class=\"elementor-widget-container\">\n\t\t\t\t\t<div class=\"e-lottie__container\"><div class=\"e-lottie__animation\"><\/div><\/div>\t\t\t\t<\/div>\n\t\t\t\t<\/div>\n\t\t\t\t\t<\/div>\n\t\t<\/div>\n\t\t\t\t\t<\/div>\n\t\t<\/section>\n\t\t\t\t<section class=\"elementor-section elementor-top-section elementor-element elementor-element-77995c2f elementor-section-full_width elementor-section-height-min-height elementor-section-height-default elementor-section-items-middle\" data-id=\"77995c2f\" data-element_type=\"section\" data-e-type=\"section\" data-settings=\"{&quot;background_background&quot;:&quot;classic&quot;}\">\n\t\t\t\t\t\t<div class=\"elementor-container elementor-column-gap-default\">\n\t\t\t\t\t<div class=\"elementor-column elementor-col-33 elementor-top-column elementor-element elementor-element-447f95e5 elementor-hidden-mobile\" data-id=\"447f95e5\" data-element_type=\"column\" data-e-type=\"column\">\n\t\t\t<div class=\"elementor-widget-wrap\">\n\t\t\t\t\t\t\t<\/div>\n\t\t<\/div>\n\t\t\t\t<div class=\"elementor-column elementor-col-33 elementor-top-column elementor-element elementor-element-40a6f96c\" data-id=\"40a6f96c\" data-element_type=\"column\" data-e-type=\"column\">\n\t\t\t<div class=\"elementor-widget-wrap elementor-element-populated\">\n\t\t\t\t\t\t<div class=\"elementor-element elementor-element-7d46c67 elementor-widget elementor-widget-spacer\" data-id=\"7d46c67\" data-element_type=\"widget\" data-e-type=\"widget\" data-widget_type=\"spacer.default\">\n\t\t\t\t<div class=\"elementor-widget-container\">\n\t\t\t\t\t\t\t<div class=\"elementor-spacer\">\n\t\t\t<div class=\"elementor-spacer-inner\"><\/div>\n\t\t<\/div>\n\t\t\t\t\t\t<\/div>\n\t\t\t\t<\/div>\n\t\t\t\t<div class=\"elementor-element elementor-element-19b3ff0 elementor-widget elementor-widget-heading\" data-id=\"19b3ff0\" data-element_type=\"widget\" data-e-type=\"widget\" data-widget_type=\"heading.default\">\n\t\t\t\t<div class=\"elementor-widget-container\">\n\t\t\t\t\t<h2 class=\"elementor-heading-title elementor-size-default\">Regalate momenti di piacere condivisi<\/h2>\t\t\t\t<\/div>\n\t\t\t\t<\/div>\n\t\t\t\t<div class=\"elementor-element elementor-element-46124530 elementor-hidden-desktop elementor-hidden-tablet elementor-hidden-mobile elementor-widget elementor-widget-text-editor\" data-id=\"46124530\" data-element_type=\"widget\" data-e-type=\"widget\" data-widget_type=\"text-editor.default\">\n\t\t\t\t<div class=\"elementor-widget-container\">\n\t\t\t\t\t\t\t\t\t<p>Purtroppo \u00e8 in corso un piccolo aggiustamento tecnico del nostro sistema di buoni sconto. Non preoccupatevi, potete comunque ordinare facilmente un buono via e-mail utilizzando il pulsante sottostante. Faremo in modo che tutto funzioni di nuovo come al solito il prima possibile.<\/p><p>Vi ringraziamo per la vostra comprensione e ci auguriamo di potervi offrire presto una nuova esperienza senza problemi!<\/p>\t\t\t\t\t\t\t\t<\/div>\n\t\t\t\t<\/div>\n\t\t\t\t<div class=\"elementor-element elementor-element-4a25afa elementor-widget elementor-widget-text-editor\" data-id=\"4a25afa\" data-element_type=\"widget\" data-e-type=\"widget\" data-widget_type=\"text-editor.default\">\n\t\t\t\t<div class=\"elementor-widget-container\">\n\t\t\t\t\t\t\t\t\t<p>Un buono regalo per il nostro ristorante nel Primo Distretto di Vienna \u00e8 sempre una scelta di gusto.<\/p><p>Ordinate subito il vostro voucher online per la Cantinetta Antinori e regalate momenti indimenticabili in un ambiente raffinato, accompagnati da vini pregiati e da specialit\u00e0 culinarie della migliore cucina italiana.<\/p>\t\t\t\t\t\t\t\t<\/div>\n\t\t\t\t<\/div>\n\t\t\t\t<div class=\"elementor-element elementor-element-2a147803 elementor-align-center elementor-widget elementor-widget-button\" data-id=\"2a147803\" data-element_type=\"widget\" data-e-type=\"widget\" data-widget_type=\"button.default\">\n\t\t\t\t<div class=\"elementor-widget-container\">\n\t\t\t\t\t\t\t\t\t<div class=\"elementor-button-wrapper\">\n\t\t\t\t\t<a class=\"elementor-button elementor-button-link elementor-size-sm elementor-animation-grow\" href=\"https:\/\/www.gurado.de\/cgxulajm\/\" target=\"_blank\">\n\t\t\t\t\t\t<span class=\"elementor-button-content-wrapper\">\n\t\t\t\t\t\t\t\t\t<span class=\"elementor-button-text\">Ordine del buono<\/span>\n\t\t\t\t\t<\/span>\n\t\t\t\t\t<\/a>\n\t\t\t\t<\/div>\n\t\t\t\t\t\t\t\t<\/div>\n\t\t\t\t<\/div>\n\t\t\t\t<div class=\"elementor-element elementor-element-c47ba39 elementor-widget elementor-widget-spacer\" data-id=\"c47ba39\" data-element_type=\"widget\" data-e-type=\"widget\" data-widget_type=\"spacer.default\">\n\t\t\t\t<div class=\"elementor-widget-container\">\n\t\t\t\t\t\t\t<div class=\"elementor-spacer\">\n\t\t\t<div class=\"elementor-spacer-inner\"><\/div>\n\t\t<\/div>\n\t\t\t\t\t\t<\/div>\n\t\t\t\t<\/div>\n\t\t\t\t\t<\/div>\n\t\t<\/div>\n\t\t\t\t<div class=\"elementor-column elementor-col-33 elementor-top-column elementor-element elementor-element-79b2b927 elementor-hidden-mobile\" data-id=\"79b2b927\" data-element_type=\"column\" data-e-type=\"column\">\n\t\t\t<div class=\"elementor-widget-wrap\">\n\t\t\t\t\t\t\t<\/div>\n\t\t<\/div>\n\t\t\t\t\t<\/div>\n\t\t<\/section>\n\t\t\t\t<section class=\"elementor-section elementor-top-section elementor-element elementor-element-5798ab8e elementor-section-full_width elementor-section-height-min-height elementor-section-height-default elementor-section-items-middle\" data-id=\"5798ab8e\" data-element_type=\"section\" data-e-type=\"section\" data-settings=\"{&quot;background_background&quot;:&quot;classic&quot;}\">\n\t\t\t\t\t\t\t<div class=\"elementor-background-overlay\"><\/div>\n\t\t\t\t\t\t\t<div class=\"elementor-container elementor-column-gap-default\">\n\t\t\t\t\t<div class=\"elementor-column elementor-col-33 elementor-top-column elementor-element elementor-element-4a8b51d9\" data-id=\"4a8b51d9\" data-element_type=\"column\" data-e-type=\"column\">\n\t\t\t<div class=\"elementor-widget-wrap\">\n\t\t\t\t\t\t\t<\/div>\n\t\t<\/div>\n\t\t\t\t<div class=\"elementor-column elementor-col-33 elementor-top-column elementor-element elementor-element-2060bf70\" data-id=\"2060bf70\" data-element_type=\"column\" data-e-type=\"column\">\n\t\t\t<div class=\"elementor-widget-wrap elementor-element-populated\">\n\t\t\t\t\t\t<div class=\"elementor-element elementor-element-300b7252 elementor-widget elementor-widget-heading\" data-id=\"300b7252\" data-element_type=\"widget\" data-e-type=\"widget\" data-widget_type=\"heading.default\">\n\t\t\t\t<div class=\"elementor-widget-container\">\n\t\t\t\t\t<h2 class=\"elementor-heading-title elementor-size-default\">Vi Aspettiamo!<\/h2>\t\t\t\t<\/div>\n\t\t\t\t<\/div>\n\t\t\t\t<div class=\"elementor-element elementor-element-25aa917d elementor-widget elementor-widget-text-editor\" data-id=\"25aa917d\" data-element_type=\"widget\" data-e-type=\"widget\" data-widget_type=\"text-editor.default\">\n\t\t\t\t<div class=\"elementor-widget-container\">\n\t\t\t\t\t\t\t\t\t<p>Anche nelle giornate pi\u00f9 calde, potrete godere di un'atmosfera piacevole nelle nostre camere climatizzate.<\/p>\t\t\t\t\t\t\t\t<\/div>\n\t\t\t\t<\/div>\n\t\t\t\t\t<\/div>\n\t\t<\/div>\n\t\t\t\t<div class=\"elementor-column elementor-col-33 elementor-top-column elementor-element elementor-element-261de7f6\" data-id=\"261de7f6\" data-element_type=\"column\" data-e-type=\"column\">\n\t\t\t<div class=\"elementor-widget-wrap\">\n\t\t\t\t\t\t\t<\/div>\n\t\t<\/div>\n\t\t\t\t\t<\/div>\n\t\t<\/section>\n\t\t\t\t<\/div>","protected":false},"excerpt":{"rendered":"<p>Vienna Schenken Sie gemeinsame Genussmomente Leider gibt es momentan eine kleine technische Anpassung bei unserem Gutscheinsystem. Keine Sorge, \u00fcber den Button unten k\u00f6nnen Sie weiterhin ganz einfach einen Gutschein per E-Mail bestellen. Wir k\u00fcmmern uns darum, dass alles schnellstm\u00f6glich wieder wie gewohnt funktioniert. Vielen Dank f\u00fcr Ihr Verst\u00e4ndnis \u2013 wir freuen uns, Ihnen bald wieder [&hellip;]<\/p>\n","protected":false},"author":1,"featured_media":0,"parent":0,"menu_order":0,"comment_status":"closed","ping_status":"closed","template":"elementor_header_footer","meta":{"footnotes":""},"class_list":["post-16956","page","type-page","status-publish","hentry"],"_links":{"self":[{"href":"https:\/\/www.cantinetta-antinori.at\/it\/wp-json\/wp\/v2\/pages\/16956","targetHints":{"allow":["GET"]}}],"collection":[{"href":"https:\/\/www.cantinetta-antinori.at\/it\/wp-json\/wp\/v2\/pages"}],"about":[{"href":"https:\/\/www.cantinetta-antinori.at\/it\/wp-json\/wp\/v2\/types\/page"}],"author":[{"embeddable":true,"href":"https:\/\/www.cantinetta-antinori.at\/it\/wp-json\/wp\/v2\/users\/1"}],"replies":[{"embeddable":true,"href":"https:\/\/www.cantinetta-antinori.at\/it\/wp-json\/wp\/v2\/comments?post=16956"}],"version-history":[{"count":91,"href":"https:\/\/www.cantinetta-antinori.at\/it\/wp-json\/wp\/v2\/pages\/16956\/revisions"}],"predecessor-version":[{"id":18764,"href":"https:\/\/www.cantinetta-antinori.at\/it\/wp-json\/wp\/v2\/pages\/16956\/revisions\/18764"}],"wp:attachment":[{"href":"https:\/\/www.cantinetta-antinori.at\/it\/wp-json\/wp\/v2\/media?parent=16956"}],"curies":[{"name":"wp","href":"https:\/\/api.w.org\/{rel}","templated":true}]}}